{"id":654,"date":"2024-12-04T08:03:37","date_gmt":"2024-12-04T08:03:37","guid":{"rendered":"https:\/\/markusschneider.es\/multimedia\/"},"modified":"2025-02-07T08:15:46","modified_gmt":"2025-02-07T08:15:46","slug":"multimedia","status":"publish","type":"page","link":"https:\/\/markusschneider.es\/de\/multimedia\/","title":{"rendered":"Multimedia"},"content":{"rendered":"\t\t<div data-elementor-type=\"wp-page\" data-elementor-id=\"654\" class=\"elementor elementor-654 elementor-16\" data-elementor-post-type=\"page\">\n\t\t\t\t<div class=\"elementor-element elementor-element-8388c2e e-flex e-con-boxed e-con e-parent\" data-id=\"8388c2e\" data-element_type=\"container\" data-settings=\"{&quot;background_background&quot;:&quot;classic&quot;}\">\n\t\t\t\t\t<div class=\"e-con-inner\">\n\t\t<div class=\"elementor-element elementor-element-99c9348 e-con-full e-flex e-con e-child\" data-id=\"99c9348\" data-element_type=\"container\">\n\t\t\t\t<\/div>\n\t\t<div class=\"elementor-element elementor-element-cf7b15a e-con-full e-flex e-con e-child\" data-id=\"cf7b15a\" data-element_type=\"container\">\n\t\t\t\t<div class=\"elementor-element elementor-element-d2cded0 elementor-widget elementor-widget-heading\" data-id=\"d2cded0\" data-element_type=\"widget\" data-settings=\"{&quot;_animation&quot;:&quot;none&quot;}\" data-widget_type=\"heading.default\">\n\t\t\t\t<div class=\"elementor-widget-container\">\n\t\t\t<h1 class=\"elementor-heading-title elementor-size-default\">MULTIMEDIA<\/h1>\t\t<\/div>\n\t\t\t\t<\/div>\n\t\t\t\t<div class=\"elementor-element elementor-element-8735113 elementor-widget elementor-widget-text-editor\" data-id=\"8735113\" data-element_type=\"widget\" data-widget_type=\"text-editor.default\">\n\t\t\t\t<div class=\"elementor-widget-container\">\n\t\t\t\t\t\t\t<p>Kontrabassist und E-Bassist in M\u00e1laga<\/p>\n\t\t\t\t\t\t<\/div>\n\t\t\t\t<\/div>\n\t\t\t\t<div class=\"elementor-element elementor-element-21fa0ce elementor-invisible elementor-widget elementor-widget-button\" data-id=\"21fa0ce\" data-element_type=\"widget\" data-settings=\"{&quot;_animation&quot;:&quot;fadeInUp&quot;}\" data-widget_type=\"button.default\">\n\t\t\t\t<div class=\"elementor-widget-container\">\n\t\t\t\t\t\t\t<div class=\"elementor-button-wrapper\">\n\t\t\t\t\t<a class=\"elementor-button elementor-size-sm\" role=\"button\">\n\t\t\t\t\t\t<span class=\"elementor-button-content-wrapper\">\n\t\t\t\t\t\t\t\t\t<span class=\"elementor-button-text\">Kontakt<\/span>\n\t\t\t\t\t<\/span>\n\t\t\t\t\t<\/a>\n\t\t\t\t<\/div>\n\t\t\t\t\t\t<\/div>\n\t\t\t\t<\/div>\n\t\t\t\t<\/div>\n\t\t\t\t\t<\/div>\n\t\t\t\t<\/div>\n\t\t<div class=\"elementor-element elementor-element-4124cb2 e-flex e-con-boxed e-con e-parent\" data-id=\"4124cb2\" data-element_type=\"container\" data-settings=\"{&quot;background_background&quot;:&quot;classic&quot;}\">\n\t\t\t\t\t<div class=\"e-con-inner\">\n\t\t\t\t<div class=\"elementor-element elementor-element-ab3c8a7 elementor-invisible elementor-widget elementor-widget-heading\" data-id=\"ab3c8a7\" data-element_type=\"widget\" data-settings=\"{&quot;_animation&quot;:&quot;fadeInUp&quot;}\" data-widget_type=\"heading.default\">\n\t\t\t\t<div class=\"elementor-widget-container\">\n\t\t\t<h2 class=\"elementor-heading-title elementor-size-default\">Fotogalerie<\/h2>\t\t<\/div>\n\t\t\t\t<\/div>\n\t\t\t\t<div class=\"elementor-element elementor-element-84f9008 elementor-widget__width-initial elementor-widget elementor-widget-gallery\" data-id=\"84f9008\" data-element_type=\"widget\" data-settings=\"{&quot;gallery_layout&quot;:&quot;masonry&quot;,&quot;columns&quot;:3,&quot;lazyload&quot;:&quot;yes&quot;,&quot;columns_tablet&quot;:2,&quot;columns_mobile&quot;:1,&quot;gap&quot;:{&quot;unit&quot;:&quot;px&quot;,&quot;size&quot;:10,&quot;sizes&quot;:[]},&quot;gap_tablet&quot;:{&quot;unit&quot;:&quot;px&quot;,&quot;size&quot;:10,&quot;sizes&quot;:[]},&quot;gap_mobile&quot;:{&quot;unit&quot;:&quot;px&quot;,&quot;size&quot;:10,&quot;sizes&quot;:[]},&quot;link_to&quot;:&quot;file&quot;,&quot;overlay_background&quot;:&quot;yes&quot;,&quot;content_hover_animation&quot;:&quot;fade-in&quot;}\" data-widget_type=\"gallery.default\">\n\t\t\t\t<div class=\"elementor-widget-container\">\n\t\t\t\t\t<div class=\"elementor-gallery__container\">\n\t\t\t\t\t\t\t<a class=\"e-gallery-item elementor-gallery-item elementor-animated-content\" href=\"https:\/\/markusschneider.es\/wp-content\/uploads\/2024\/12\/P1010435_8_edited3.jpg\" data-elementor-open-lightbox=\"yes\" data-elementor-lightbox-slideshow=\"84f9008\" data-elementor-lightbox-title=\"Markus contrabajista de jazz en M\u00e1laga\" data-e-action-hash=\"#elementor-action%3Aaction%3Dlightbox%26settings%3DeyJpZCI6MjUyLCJ1cmwiOiJodHRwczpcL1wvbWFya3Vzc2NobmVpZGVyLmVzXC93cC1jb250ZW50XC91cGxvYWRzXC8yMDI0XC8xMlwvUDEwMTA0MzVfOF9lZGl0ZWQzLmpwZyIsInNsaWRlc2hvdyI6Ijg0ZjkwMDgifQ%3D%3D\">\n\t\t\t\t\t<div class=\"e-gallery-image elementor-gallery-item__image\" data-thumbnail=\"https:\/\/markusschneider.es\/wp-content\/uploads\/2024\/12\/P1010435_8_edited3.jpg\" data-width=\"1920\" data-height=\"1600\" aria-label=\"Markus contrabajista de jazz en M\u00e1laga\" role=\"img\" ><\/div>\n\t\t\t\t\t\t\t\t\t\t\t<div class=\"elementor-gallery-item__overlay\"><\/div>\n\t\t\t\t\t\t\t\t\t\t\t\t\t\t<\/a>\n\t\t\t\t\t\t\t<a class=\"e-gallery-item elementor-gallery-item elementor-animated-content\" href=\"https:\/\/markusschneider.es\/wp-content\/uploads\/2024\/12\/P1010499_7_edited2.jpg\" data-elementor-open-lightbox=\"yes\" data-elementor-lightbox-slideshow=\"84f9008\" data-elementor-lightbox-title=\"Sobre Markus\" data-e-action-hash=\"#elementor-action%3Aaction%3Dlightbox%26settings%3DeyJpZCI6MTI1LCJ1cmwiOiJodHRwczpcL1wvbWFya3Vzc2NobmVpZGVyLmVzXC93cC1jb250ZW50XC91cGxvYWRzXC8yMDI0XC8xMlwvUDEwMTA0OTlfN19lZGl0ZWQyLmpwZyIsInNsaWRlc2hvdyI6Ijg0ZjkwMDgifQ%3D%3D\">\n\t\t\t\t\t<div class=\"e-gallery-image elementor-gallery-item__image\" data-thumbnail=\"https:\/\/markusschneider.es\/wp-content\/uploads\/2024\/12\/P1010499_7_edited2.jpg\" data-width=\"1920\" data-height=\"1440\" aria-label=\"Sobre Markus\" role=\"img\" ><\/div>\n\t\t\t\t\t\t\t\t\t\t\t<div class=\"elementor-gallery-item__overlay\"><\/div>\n\t\t\t\t\t\t\t\t\t\t\t\t\t\t<\/a>\n\t\t\t\t\t\t\t<a class=\"e-gallery-item elementor-gallery-item elementor-animated-content\" href=\"https:\/\/markusschneider.es\/wp-content\/uploads\/2024\/12\/P1010534_5_edited2.jpg\" data-elementor-open-lightbox=\"yes\" data-elementor-lightbox-slideshow=\"84f9008\" data-elementor-lightbox-title=\"OLYMPUS DIGITAL CAMERA\" data-e-action-hash=\"#elementor-action%3Aaction%3Dlightbox%26settings%3DeyJpZCI6OTgsInVybCI6Imh0dHBzOlwvXC9tYXJrdXNzY2huZWlkZXIuZXNcL3dwLWNvbnRlbnRcL3VwbG9hZHNcLzIwMjRcLzEyXC9QMTAxMDUzNF81X2VkaXRlZDIuanBnIiwic2xpZGVzaG93IjoiODRmOTAwOCJ9\">\n\t\t\t\t\t<div class=\"e-gallery-image elementor-gallery-item__image\" data-thumbnail=\"https:\/\/markusschneider.es\/wp-content\/uploads\/2024\/12\/P1010534_5_edited2.jpg\" data-width=\"1920\" data-height=\"1440\" aria-label=\"\" role=\"img\" ><\/div>\n\t\t\t\t\t\t\t\t\t\t\t<div class=\"elementor-gallery-item__overlay\"><\/div>\n\t\t\t\t\t\t\t\t\t\t\t\t\t\t<\/a>\n\t\t\t\t\t\t\t<a class=\"e-gallery-item elementor-gallery-item elementor-animated-content\" href=\"https:\/\/markusschneider.es\/wp-content\/uploads\/2024\/12\/P1010765_2_edited2.jpg\" data-elementor-open-lightbox=\"yes\" data-elementor-lightbox-slideshow=\"84f9008\" data-elementor-lightbox-title=\"Contrabajo Markus\" data-e-action-hash=\"#elementor-action%3Aaction%3Dlightbox%26settings%3DeyJpZCI6Mjc1LCJ1cmwiOiJodHRwczpcL1wvbWFya3Vzc2NobmVpZGVyLmVzXC93cC1jb250ZW50XC91cGxvYWRzXC8yMDI0XC8xMlwvUDEwMTA3NjVfMl9lZGl0ZWQyLmpwZyIsInNsaWRlc2hvdyI6Ijg0ZjkwMDgifQ%3D%3D\">\n\t\t\t\t\t<div class=\"e-gallery-image elementor-gallery-item__image\" data-thumbnail=\"https:\/\/markusschneider.es\/wp-content\/uploads\/2024\/12\/P1010765_2_edited2.jpg\" data-width=\"1920\" data-height=\"1371\" aria-label=\"Contrabajo Markus\" role=\"img\" ><\/div>\n\t\t\t\t\t\t\t\t\t\t\t<div class=\"elementor-gallery-item__overlay\"><\/div>\n\t\t\t\t\t\t\t\t\t\t\t\t\t\t<\/a>\n\t\t\t\t\t\t\t<a class=\"e-gallery-item elementor-gallery-item elementor-animated-content\" href=\"https:\/\/markusschneider.es\/wp-content\/uploads\/2024\/12\/P1010654_3_edited2.jpg\" data-elementor-open-lightbox=\"yes\" data-elementor-lightbox-slideshow=\"84f9008\" data-elementor-lightbox-title=\"OLYMPUS DIGITAL CAMERA\" data-e-action-hash=\"#elementor-action%3Aaction%3Dlightbox%26settings%3DeyJpZCI6MjgwLCJ1cmwiOiJodHRwczpcL1wvbWFya3Vzc2NobmVpZGVyLmVzXC93cC1jb250ZW50XC91cGxvYWRzXC8yMDI0XC8xMlwvUDEwMTA2NTRfM19lZGl0ZWQyLmpwZyIsInNsaWRlc2hvdyI6Ijg0ZjkwMDgifQ%3D%3D\">\n\t\t\t\t\t<div class=\"e-gallery-image elementor-gallery-item__image\" data-thumbnail=\"https:\/\/markusschneider.es\/wp-content\/uploads\/2024\/12\/P1010654_3_edited2.jpg\" data-width=\"1920\" data-height=\"1600\" aria-label=\"Markus Schneider contrabajo de jazz en Malaga\" role=\"img\" ><\/div>\n\t\t\t\t\t\t\t\t\t\t\t<div class=\"elementor-gallery-item__overlay\"><\/div>\n\t\t\t\t\t\t\t\t\t\t\t\t\t\t<\/a>\n\t\t\t\t\t\t\t<a class=\"e-gallery-item elementor-gallery-item elementor-animated-content\" href=\"https:\/\/markusschneider.es\/wp-content\/uploads\/2024\/12\/P1010869_2_edited3.jpg\" data-elementor-open-lightbox=\"yes\" data-elementor-lightbox-slideshow=\"84f9008\" data-elementor-lightbox-title=\"OLYMPUS DIGITAL CAMERA\" data-e-action-hash=\"#elementor-action%3Aaction%3Dlightbox%26settings%3DeyJpZCI6MjgyLCJ1cmwiOiJodHRwczpcL1wvbWFya3Vzc2NobmVpZGVyLmVzXC93cC1jb250ZW50XC91cGxvYWRzXC8yMDI0XC8xMlwvUDEwMTA4NjlfMl9lZGl0ZWQzLmpwZyIsInNsaWRlc2hvdyI6Ijg0ZjkwMDgifQ%3D%3D\">\n\t\t\t\t\t<div class=\"e-gallery-image elementor-gallery-item__image\" data-thumbnail=\"https:\/\/markusschneider.es\/wp-content\/uploads\/2024\/12\/P1010869_2_edited3.jpg\" data-width=\"1920\" data-height=\"1440\" aria-label=\"Fotos de Markus Schneider\" role=\"img\" ><\/div>\n\t\t\t\t\t\t\t\t\t\t\t<div class=\"elementor-gallery-item__overlay\"><\/div>\n\t\t\t\t\t\t\t\t\t\t\t\t\t\t<\/a>\n\t\t\t\t\t<\/div>\n\t\t\t<\/div>\n\t\t\t\t<\/div>\n\t\t\t\t\t<\/div>\n\t\t\t\t<\/div>\n\t\t<div class=\"elementor-element elementor-element-72357a9 e-flex e-con-boxed e-con e-parent\" data-id=\"72357a9\" data-element_type=\"container\" data-settings=\"{&quot;background_background&quot;:&quot;classic&quot;}\">\n\t\t\t\t\t<div class=\"e-con-inner\">\n\t\t\t\t<div class=\"elementor-element elementor-element-1e4af2e elementor-invisible elementor-widget elementor-widget-heading\" data-id=\"1e4af2e\" data-element_type=\"widget\" data-settings=\"{&quot;_animation&quot;:&quot;fadeInUp&quot;}\" data-widget_type=\"heading.default\">\n\t\t\t\t<div class=\"elementor-widget-container\">\n\t\t\t<h2 class=\"elementor-heading-title elementor-size-default\">Youtube-Videos<\/h2>\t\t<\/div>\n\t\t\t\t<\/div>\n\t\t<div class=\"elementor-element elementor-element-0f3a808 e-grid e-con-full e-con e-child\" data-id=\"0f3a808\" data-element_type=\"container\">\n\t\t\t\t<div class=\"elementor-element elementor-element-1c476ec elementor-widget elementor-widget-video\" data-id=\"1c476ec\" data-element_type=\"widget\" data-settings=\"{&quot;youtube_url&quot;:&quot;https:\\\/\\\/www.youtube.com\\\/watch?v=MdY1HgYPrdg&quot;,&quot;video_type&quot;:&quot;youtube&quot;,&quot;controls&quot;:&quot;yes&quot;}\" data-widget_type=\"video.default\">\n\t\t\t\t<div class=\"elementor-widget-container\">\n\t\t\t\t\t<div class=\"elementor-wrapper elementor-open-inline\">\n\t\t\t<div class=\"elementor-video\"><\/div>\t\t<\/div>\n\t\t\t\t<\/div>\n\t\t\t\t<\/div>\n\t\t\t\t<div class=\"elementor-element elementor-element-9d286c4 elementor-widget elementor-widget-video\" data-id=\"9d286c4\" data-element_type=\"widget\" data-settings=\"{&quot;youtube_url&quot;:&quot;https:\\\/\\\/www.youtube.com\\\/watch?v=9diD7jV8WRk&quot;,&quot;video_type&quot;:&quot;youtube&quot;,&quot;controls&quot;:&quot;yes&quot;}\" data-widget_type=\"video.default\">\n\t\t\t\t<div class=\"elementor-widget-container\">\n\t\t\t\t\t<div class=\"elementor-wrapper elementor-open-inline\">\n\t\t\t<div class=\"elementor-video\"><\/div>\t\t<\/div>\n\t\t\t\t<\/div>\n\t\t\t\t<\/div>\n\t\t\t\t<div class=\"elementor-element elementor-element-1150e76 elementor-widget elementor-widget-video\" data-id=\"1150e76\" data-element_type=\"widget\" data-settings=\"{&quot;youtube_url&quot;:&quot;https:\\\/\\\/www.youtube.com\\\/watch?v=uHjQLoVE3pU&quot;,&quot;video_type&quot;:&quot;youtube&quot;,&quot;controls&quot;:&quot;yes&quot;}\" data-widget_type=\"video.default\">\n\t\t\t\t<div class=\"elementor-widget-container\">\n\t\t\t\t\t<div class=\"elementor-wrapper elementor-open-inline\">\n\t\t\t<div class=\"elementor-video\"><\/div>\t\t<\/div>\n\t\t\t\t<\/div>\n\t\t\t\t<\/div>\n\t\t\t\t<\/div>\n\t\t\t\t<div class=\"elementor-element elementor-element-0dd9079 elementor-align-center elementor-invisible elementor-widget elementor-widget-button\" data-id=\"0dd9079\" data-element_type=\"widget\" data-settings=\"{&quot;_animation&quot;:&quot;fadeInUp&quot;}\" data-widget_type=\"button.default\">\n\t\t\t\t<div class=\"elementor-widget-container\">\n\t\t\t\t\t\t\t<div class=\"elementor-button-wrapper\">\n\t\t\t\t\t<a class=\"elementor-button elementor-button-link elementor-size-sm\" href=\"https:\/\/www.youtube.com\/@markusschneider4541\" target=\"_blank\">\n\t\t\t\t\t\t<span class=\"elementor-button-content-wrapper\">\n\t\t\t\t\t\t\t\t\t<span class=\"elementor-button-text\">Youtube-Kanal<\/span>\n\t\t\t\t\t<\/span>\n\t\t\t\t\t<\/a>\n\t\t\t\t<\/div>\n\t\t\t\t\t\t<\/div>\n\t\t\t\t<\/div>\n\t\t\t\t\t<\/div>\n\t\t\t\t<\/div>\n\t\t\t\t<\/div>\n\t\t","protected":false},"excerpt":{"rendered":"<p>MULTIMEDIA Kontrabassist und E-Bassist in M\u00e1laga Kontakt Fotogalerie Youtube-Videos https:\/\/www.youtube.com\/watch?v=MdY1HgYPrdghttps:\/\/www.youtube.com\/watch?v=9diD7jV8WRkhttps:\/\/www.youtube.com\/watch?v=uHjQLoVE3pU Youtube-Kanal<\/p>\n","protected":false},"author":1,"featured_media":659,"parent":0,"menu_order":0,"comment_status":"closed","ping_status":"closed","template":"elementor_header_footer","meta":{"footnotes":""},"class_list":["post-654","page","type-page","status-publish","has-post-thumbnail","hentry"],"yoast_head":"<!-- This site is optimized with the Yoast SEO plugin v24.0 - https:\/\/yoast.com\/wordpress\/plugins\/seo\/ -->\n<title>Multimedia | Markus Schneider, Kontrabass und E-Bass, M\u00e1laga<\/title>\n<meta name=\"description\" content=\"Entdecke die Auftritte und Aufnahmen von Markus Schneider, Kontrabassist und E-Bassist in M\u00e1laga. Genie\u00dfe seine Live-Musik, Videos und herausragende Projekte.\" \/>\n<meta name=\"robots\" content=\"index, follow, max-snippet:-1, max-image-preview:large, max-video-preview:-1\" \/>\n<link rel=\"canonical\" href=\"https:\/\/markusschneider.es\/de\/multimedia\/\" \/>\n<meta property=\"og:locale\" content=\"de_DE\" \/>\n<meta property=\"og:type\" content=\"article\" \/>\n<meta property=\"og:title\" content=\"Multimedia | Markus Schneider, Kontrabass und E-Bass, M\u00e1laga\" \/>\n<meta property=\"og:description\" content=\"Entdecke die Auftritte und Aufnahmen von Markus Schneider, Kontrabassist und E-Bassist in M\u00e1laga. Genie\u00dfe seine Live-Musik, Videos und herausragende Projekte.\" \/>\n<meta property=\"og:url\" content=\"https:\/\/markusschneider.es\/de\/multimedia\/\" \/>\n<meta property=\"og:site_name\" content=\"Markus Schneider\" \/>\n<meta property=\"article:modified_time\" content=\"2025-02-07T08:15:46+00:00\" \/>\n<meta property=\"og:image\" content=\"https:\/\/markusschneider.es\/wp-content\/uploads\/2024\/12\/Markus-Schneider.png\" \/>\n\t<meta property=\"og:image:width\" content=\"500\" \/>\n\t<meta property=\"og:image:height\" content=\"500\" \/>\n\t<meta property=\"og:image:type\" content=\"image\/png\" \/>\n<meta name=\"twitter:card\" content=\"summary_large_image\" \/>\n<script type=\"application\/ld+json\" class=\"yoast-schema-graph\">{\"@context\":\"https:\/\/schema.org\",\"@graph\":[{\"@type\":\"WebPage\",\"@id\":\"https:\/\/markusschneider.es\/de\/multimedia\/\",\"url\":\"https:\/\/markusschneider.es\/de\/multimedia\/\",\"name\":\"Multimedia | Markus Schneider, Kontrabass und E-Bass, M\u00e1laga\",\"isPartOf\":{\"@id\":\"https:\/\/markusschneider.es\/de\/#website\"},\"primaryImageOfPage\":{\"@id\":\"https:\/\/markusschneider.es\/de\/multimedia\/#primaryimage\"},\"image\":{\"@id\":\"https:\/\/markusschneider.es\/de\/multimedia\/#primaryimage\"},\"thumbnailUrl\":\"https:\/\/markusschneider.es\/wp-content\/uploads\/2024\/12\/Markus-Schneider.png\",\"datePublished\":\"2024-12-04T08:03:37+00:00\",\"dateModified\":\"2025-02-07T08:15:46+00:00\",\"description\":\"Entdecke die Auftritte und Aufnahmen von Markus Schneider, Kontrabassist und E-Bassist in M\u00e1laga. Genie\u00dfe seine Live-Musik, Videos und herausragende Projekte.\",\"breadcrumb\":{\"@id\":\"https:\/\/markusschneider.es\/de\/multimedia\/#breadcrumb\"},\"inLanguage\":\"de\",\"potentialAction\":[{\"@type\":\"ReadAction\",\"target\":[\"https:\/\/markusschneider.es\/de\/multimedia\/\"]}]},{\"@type\":\"ImageObject\",\"inLanguage\":\"de\",\"@id\":\"https:\/\/markusschneider.es\/de\/multimedia\/#primaryimage\",\"url\":\"https:\/\/markusschneider.es\/wp-content\/uploads\/2024\/12\/Markus-Schneider.png\",\"contentUrl\":\"https:\/\/markusschneider.es\/wp-content\/uploads\/2024\/12\/Markus-Schneider.png\",\"width\":500,\"height\":500},{\"@type\":\"BreadcrumbList\",\"@id\":\"https:\/\/markusschneider.es\/de\/multimedia\/#breadcrumb\",\"itemListElement\":[{\"@type\":\"ListItem\",\"position\":1,\"name\":\"Portada\",\"item\":\"https:\/\/markusschneider.es\/de\/\"},{\"@type\":\"ListItem\",\"position\":2,\"name\":\"Multimedia\"}]},{\"@type\":\"WebSite\",\"@id\":\"https:\/\/markusschneider.es\/de\/#website\",\"url\":\"https:\/\/markusschneider.es\/de\/\",\"name\":\"Markus Schneider\",\"description\":\"Contrabajista y bajo el\u00e9ctrico en M\u00e1laga\",\"publisher\":{\"@id\":\"https:\/\/markusschneider.es\/de\/#organization\"},\"potentialAction\":[{\"@type\":\"SearchAction\",\"target\":{\"@type\":\"EntryPoint\",\"urlTemplate\":\"https:\/\/markusschneider.es\/de\/?s={search_term_string}\"},\"query-input\":{\"@type\":\"PropertyValueSpecification\",\"valueRequired\":true,\"valueName\":\"search_term_string\"}}],\"inLanguage\":\"de\"},{\"@type\":\"Organization\",\"@id\":\"https:\/\/markusschneider.es\/de\/#organization\",\"name\":\"Markus Schneider\",\"url\":\"https:\/\/markusschneider.es\/de\/\",\"logo\":{\"@type\":\"ImageObject\",\"inLanguage\":\"de\",\"@id\":\"https:\/\/markusschneider.es\/de\/#\/schema\/logo\/image\/\",\"url\":\"https:\/\/markusschneider.es\/wp-content\/uploads\/2024\/12\/logo-markus-schneider-white.svg\",\"contentUrl\":\"https:\/\/markusschneider.es\/wp-content\/uploads\/2024\/12\/logo-markus-schneider-white.svg\",\"width\":200,\"height\":66,\"caption\":\"Markus Schneider\"},\"image\":{\"@id\":\"https:\/\/markusschneider.es\/de\/#\/schema\/logo\/image\/\"}}]}<\/script>\n<!-- \/ Yoast SEO plugin. -->","yoast_head_json":{"title":"Multimedia | Markus Schneider, Kontrabass und E-Bass, M\u00e1laga","description":"Entdecke die Auftritte und Aufnahmen von Markus Schneider, Kontrabassist und E-Bassist in M\u00e1laga. Genie\u00dfe seine Live-Musik, Videos und herausragende Projekte.","robots":{"index":"index","follow":"follow","max-snippet":"max-snippet:-1","max-image-preview":"max-image-preview:large","max-video-preview":"max-video-preview:-1"},"canonical":"https:\/\/markusschneider.es\/de\/multimedia\/","og_locale":"de_DE","og_type":"article","og_title":"Multimedia | Markus Schneider, Kontrabass und E-Bass, M\u00e1laga","og_description":"Entdecke die Auftritte und Aufnahmen von Markus Schneider, Kontrabassist und E-Bassist in M\u00e1laga. Genie\u00dfe seine Live-Musik, Videos und herausragende Projekte.","og_url":"https:\/\/markusschneider.es\/de\/multimedia\/","og_site_name":"Markus Schneider","article_modified_time":"2025-02-07T08:15:46+00:00","og_image":[{"width":500,"height":500,"url":"https:\/\/markusschneider.es\/wp-content\/uploads\/2024\/12\/Markus-Schneider.png","type":"image\/png"}],"twitter_card":"summary_large_image","schema":{"@context":"https:\/\/schema.org","@graph":[{"@type":"WebPage","@id":"https:\/\/markusschneider.es\/de\/multimedia\/","url":"https:\/\/markusschneider.es\/de\/multimedia\/","name":"Multimedia | Markus Schneider, Kontrabass und E-Bass, M\u00e1laga","isPartOf":{"@id":"https:\/\/markusschneider.es\/de\/#website"},"primaryImageOfPage":{"@id":"https:\/\/markusschneider.es\/de\/multimedia\/#primaryimage"},"image":{"@id":"https:\/\/markusschneider.es\/de\/multimedia\/#primaryimage"},"thumbnailUrl":"https:\/\/markusschneider.es\/wp-content\/uploads\/2024\/12\/Markus-Schneider.png","datePublished":"2024-12-04T08:03:37+00:00","dateModified":"2025-02-07T08:15:46+00:00","description":"Entdecke die Auftritte und Aufnahmen von Markus Schneider, Kontrabassist und E-Bassist in M\u00e1laga. Genie\u00dfe seine Live-Musik, Videos und herausragende Projekte.","breadcrumb":{"@id":"https:\/\/markusschneider.es\/de\/multimedia\/#breadcrumb"},"inLanguage":"de","potentialAction":[{"@type":"ReadAction","target":["https:\/\/markusschneider.es\/de\/multimedia\/"]}]},{"@type":"ImageObject","inLanguage":"de","@id":"https:\/\/markusschneider.es\/de\/multimedia\/#primaryimage","url":"https:\/\/markusschneider.es\/wp-content\/uploads\/2024\/12\/Markus-Schneider.png","contentUrl":"https:\/\/markusschneider.es\/wp-content\/uploads\/2024\/12\/Markus-Schneider.png","width":500,"height":500},{"@type":"BreadcrumbList","@id":"https:\/\/markusschneider.es\/de\/multimedia\/#breadcrumb","itemListElement":[{"@type":"ListItem","position":1,"name":"Portada","item":"https:\/\/markusschneider.es\/de\/"},{"@type":"ListItem","position":2,"name":"Multimedia"}]},{"@type":"WebSite","@id":"https:\/\/markusschneider.es\/de\/#website","url":"https:\/\/markusschneider.es\/de\/","name":"Markus Schneider","description":"Contrabajista y bajo el\u00e9ctrico en M\u00e1laga","publisher":{"@id":"https:\/\/markusschneider.es\/de\/#organization"},"potentialAction":[{"@type":"SearchAction","target":{"@type":"EntryPoint","urlTemplate":"https:\/\/markusschneider.es\/de\/?s={search_term_string}"},"query-input":{"@type":"PropertyValueSpecification","valueRequired":true,"valueName":"search_term_string"}}],"inLanguage":"de"},{"@type":"Organization","@id":"https:\/\/markusschneider.es\/de\/#organization","name":"Markus Schneider","url":"https:\/\/markusschneider.es\/de\/","logo":{"@type":"ImageObject","inLanguage":"de","@id":"https:\/\/markusschneider.es\/de\/#\/schema\/logo\/image\/","url":"https:\/\/markusschneider.es\/wp-content\/uploads\/2024\/12\/logo-markus-schneider-white.svg","contentUrl":"https:\/\/markusschneider.es\/wp-content\/uploads\/2024\/12\/logo-markus-schneider-white.svg","width":200,"height":66,"caption":"Markus Schneider"},"image":{"@id":"https:\/\/markusschneider.es\/de\/#\/schema\/logo\/image\/"}}]}},"_links":{"self":[{"href":"https:\/\/markusschneider.es\/de\/wp-json\/wp\/v2\/pages\/654","targetHints":{"allow":["GET"]}}],"collection":[{"href":"https:\/\/markusschneider.es\/de\/wp-json\/wp\/v2\/pages"}],"about":[{"href":"https:\/\/markusschneider.es\/de\/wp-json\/wp\/v2\/types\/page"}],"author":[{"embeddable":true,"href":"https:\/\/markusschneider.es\/de\/wp-json\/wp\/v2\/users\/1"}],"replies":[{"embeddable":true,"href":"https:\/\/markusschneider.es\/de\/wp-json\/wp\/v2\/comments?post=654"}],"version-history":[{"count":3,"href":"https:\/\/markusschneider.es\/de\/wp-json\/wp\/v2\/pages\/654\/revisions"}],"predecessor-version":[{"id":680,"href":"https:\/\/markusschneider.es\/de\/wp-json\/wp\/v2\/pages\/654\/revisions\/680"}],"wp:featuredmedia":[{"embeddable":true,"href":"https:\/\/markusschneider.es\/de\/wp-json\/wp\/v2\/media\/659"}],"wp:attachment":[{"href":"https:\/\/markusschneider.es\/de\/wp-json\/wp\/v2\/media?parent=654"}],"curies":[{"name":"wp","href":"https:\/\/api.w.org\/{rel}","templated":true}]}}