{"id":681,"date":"2024-12-04T08:03:19","date_gmt":"2024-12-04T08:03:19","guid":{"rendered":"https:\/\/markusschneider.es\/biografie\/"},"modified":"2026-01-19T15:03:16","modified_gmt":"2026-01-19T15:03:16","slug":"biografie","status":"publish","type":"page","link":"https:\/\/markusschneider.es\/de\/biografie\/","title":{"rendered":"Biografie"},"content":{"rendered":"\t\t<div data-elementor-type=\"wp-page\" data-elementor-id=\"681\" class=\"elementor elementor-681 elementor-14\" data-elementor-post-type=\"page\">\n\t\t\t\t<div class=\"elementor-element elementor-element-bbab7d2 e-flex e-con-boxed e-con e-parent\" data-id=\"bbab7d2\" data-element_type=\"container\" data-settings=\"{&quot;background_background&quot;:&quot;classic&quot;}\">\n\t\t\t\t\t<div class=\"e-con-inner\">\n\t\t<div class=\"elementor-element elementor-element-88e5b73 e-con-full e-flex e-con e-child\" data-id=\"88e5b73\" data-element_type=\"container\">\n\t\t\t\t<\/div>\n\t\t<div class=\"elementor-element elementor-element-1eb4785 e-con-full e-flex e-con e-child\" data-id=\"1eb4785\" data-element_type=\"container\">\n\t\t\t\t<div class=\"elementor-element elementor-element-112d866 elementor-widget elementor-widget-heading\" data-id=\"112d866\" data-element_type=\"widget\" data-settings=\"{&quot;_animation_tablet&quot;:&quot;none&quot;,&quot;_animation_mobile&quot;:&quot;none&quot;}\" data-widget_type=\"heading.default\">\n\t\t\t\t<div class=\"elementor-widget-container\">\n\t\t\t<h1 class=\"elementor-heading-title elementor-size-default\">BIOGRAFIE<\/h1>\t\t<\/div>\n\t\t\t\t<\/div>\n\t\t\t\t<div class=\"elementor-element elementor-element-c6638e3 elementor-widget elementor-widget-heading\" data-id=\"c6638e3\" data-element_type=\"widget\" data-widget_type=\"heading.default\">\n\t\t\t\t<div class=\"elementor-widget-container\">\n\t\t\t<h2 class=\"elementor-heading-title elementor-size-default\">Leidenschaft f\u00fcr Kontrabass und E-Bass<\/h2>\t\t<\/div>\n\t\t\t\t<\/div>\n\t\t\t\t<div class=\"elementor-element elementor-element-5ca3bf2 elementor-invisible elementor-widget elementor-widget-button\" data-id=\"5ca3bf2\" data-element_type=\"widget\" data-settings=\"{&quot;_animation&quot;:&quot;fadeInUp&quot;}\" data-widget_type=\"button.default\">\n\t\t\t\t<div class=\"elementor-widget-container\">\n\t\t\t\t\t\t\t<div class=\"elementor-button-wrapper\">\n\t\t\t\t\t<a class=\"elementor-button elementor-size-sm\" role=\"button\">\n\t\t\t\t\t\t<span class=\"elementor-button-content-wrapper\">\n\t\t\t\t\t\t\t\t\t<span class=\"elementor-button-text\">Kontakt<\/span>\n\t\t\t\t\t<\/span>\n\t\t\t\t\t<\/a>\n\t\t\t\t<\/div>\n\t\t\t\t\t\t<\/div>\n\t\t\t\t<\/div>\n\t\t\t\t<\/div>\n\t\t\t\t\t<\/div>\n\t\t\t\t<\/div>\n\t\t<div class=\"elementor-element elementor-element-23ceae8 e-con-full e-flex e-con e-parent\" data-id=\"23ceae8\" data-element_type=\"container\" data-settings=\"{&quot;background_background&quot;:&quot;classic&quot;}\">\n\t\t<div class=\"elementor-element elementor-element-af4b796 e-con-full e-flex e-con e-child\" data-id=\"af4b796\" data-element_type=\"container\" data-settings=\"{&quot;background_background&quot;:&quot;classic&quot;}\">\n\t\t\t\t<\/div>\n\t\t<div class=\"elementor-element elementor-element-f91e64e e-con-full e-flex e-con e-child\" data-id=\"f91e64e\" data-element_type=\"container\">\n\t\t\t\t<div class=\"elementor-element elementor-element-a91ea7f elementor-invisible elementor-widget elementor-widget-heading\" data-id=\"a91ea7f\" data-element_type=\"widget\" data-settings=\"{&quot;_animation&quot;:&quot;fadeInUp&quot;}\" data-widget_type=\"heading.default\">\n\t\t\t\t<div class=\"elementor-widget-container\">\n\t\t\t<h2 class=\"elementor-heading-title elementor-size-default\">\u00dcber Markus Schneider<\/h2>\t\t<\/div>\n\t\t\t\t<\/div>\n\t\t\t\t<div class=\"elementor-element elementor-element-4156542 elementor-invisible elementor-widget elementor-widget-text-editor\" data-id=\"4156542\" data-element_type=\"widget\" data-settings=\"{&quot;_animation&quot;:&quot;fadeInUp&quot;}\" data-widget_type=\"text-editor.default\">\n\t\t\t\t<div class=\"elementor-widget-container\">\n\t\t\t\t\t\t\t<p class=\"p1\">Ich bin Kontrabassist und E-Bassist aus Hamburg (Deutschland). Seit 2004 lebe ich in M\u00e1laga (Spanien).<\/p><p class=\"p1\">Im Alter von sieben Jahren begann ich Klavier zu spielen und mit achtzehn Jahren entdeckte ich meine Leidenschaft f\u00fcr den E- und Kontrabass. Bevor ich nach M\u00e1laga zog, arbeitete ich als professioneller Musiker in Deutschland. Seitdem bis heute bin ich an Projekten in Genres wie dem Jazz, Soul, Blues, Latin, Fusion, Pop, Rock und Musicals beteiligt. Im Laufe der Jahre habe ich an unz\u00e4hligen nationalen und internationalen Musikfestivals teilgenommen und mit namhaften K\u00fcnstlern zusammengearbeitet. Au\u00dferdem unterrichte ich seit mehr als zwanzig Jahren E- und Kontrabass, sowie Ensemblespiel (Bandtraining) und Musiktheorie sowohl an Musikschulen als auch privat. Wenn Sie mehr \u00fcber meine Ausbildung und meinen Werdegang erfahren m\u00f6chten, lade ich Sie ein, sich meinen vollst\u00e4ndigen Lebenslauf anzuschauen.<\/p>\t\t\t\t\t\t<\/div>\n\t\t\t\t<\/div>\n\t\t\t\t<div class=\"elementor-element elementor-element-3503602 elementor-widget__width-auto elementor-invisible elementor-widget elementor-widget-button\" data-id=\"3503602\" data-element_type=\"widget\" data-settings=\"{&quot;_animation&quot;:&quot;fadeInUp&quot;}\" data-widget_type=\"button.default\">\n\t\t\t\t<div class=\"elementor-widget-container\">\n\t\t\t\t\t\t\t<div class=\"elementor-button-wrapper\">\n\t\t\t\t\t<a class=\"elementor-button elementor-button-link elementor-size-sm\" href=\"https:\/\/markusschneider.es\/wp-content\/uploads\/2024\/12\/Markus-Schneider-CV-Espanol-completo-9-24.pdf\" target=\"_blank\">\n\t\t\t\t\t\t<span class=\"elementor-button-content-wrapper\">\n\t\t\t\t\t\t\t\t\t<span class=\"elementor-button-text\">Lebenslauf herunterladen<br><br><\/span>\n\t\t\t\t\t<\/span>\n\t\t\t\t\t<\/a>\n\t\t\t\t<\/div>\n\t\t\t\t\t\t<\/div>\n\t\t\t\t<\/div>\n\t\t\t\t<\/div>\n\t\t\t\t<\/div>\n\t\t<div class=\"elementor-element elementor-element-19e0e44 e-flex e-con-boxed e-con e-parent\" data-id=\"19e0e44\" data-element_type=\"container\" data-settings=\"{&quot;background_background&quot;:&quot;classic&quot;}\">\n\t\t\t\t\t<div class=\"e-con-inner\">\n\t\t\t\t<div class=\"elementor-element elementor-element-c6a4ed7 elementor-invisible elementor-widget elementor-widget-heading\" data-id=\"c6a4ed7\" data-element_type=\"widget\" data-settings=\"{&quot;_animation&quot;:&quot;fadeInUp&quot;}\" data-widget_type=\"heading.default\">\n\t\t\t\t<div class=\"elementor-widget-container\">\n\t\t\t<h2 class=\"elementor-heading-title elementor-size-default\">Magie in jeder Note<\/h2>\t\t<\/div>\n\t\t\t\t<\/div>\n\t\t\t\t\t<\/div>\n\t\t\t\t<\/div>\n\t\t<div class=\"elementor-element elementor-element-52d92a1 e-flex e-con-boxed e-con e-parent\" data-id=\"52d92a1\" data-element_type=\"container\" data-settings=\"{&quot;background_background&quot;:&quot;classic&quot;}\">\n\t\t\t\t\t<div class=\"e-con-inner\">\n\t\t<div class=\"elementor-element elementor-element-8cc7767 e-con-full e-flex e-con e-child\" data-id=\"8cc7767\" data-element_type=\"container\">\n\t\t\t\t<div class=\"elementor-element elementor-element-aeda128 elementor-invisible elementor-widget elementor-widget-image\" data-id=\"aeda128\" data-element_type=\"widget\" data-settings=\"{&quot;_animation&quot;:&quot;fadeInUp&quot;}\" data-widget_type=\"image.default\">\n\t\t\t\t<div class=\"elementor-widget-container\">\n\t\t\t\t\t\t\t\t\t\t\t\t\t<img decoding=\"async\" src=\"https:\/\/markusschneider.es\/wp-content\/uploads\/elementor\/thumbs\/P1010499_7_edited2-qyctujpmowvabbgtbqm52q9jwpny2a12ehihxkvwu8.jpg\" title=\"Sobre Markus\" alt=\"Sobre Markus\" loading=\"lazy\" \/>\t\t\t\t\t\t\t\t\t\t\t\t\t<\/div>\n\t\t\t\t<\/div>\n\t\t\t\t<\/div>\n\t\t<div class=\"elementor-element elementor-element-557ce31 e-con-full e-flex e-con e-child\" data-id=\"557ce31\" data-element_type=\"container\">\n\t\t\t\t<div class=\"elementor-element elementor-element-4652a77 elementor-invisible elementor-widget elementor-widget-image\" data-id=\"4652a77\" data-element_type=\"widget\" data-settings=\"{&quot;_animation&quot;:&quot;fadeInUp&quot;}\" data-widget_type=\"image.default\">\n\t\t\t\t<div class=\"elementor-widget-container\">\n\t\t\t\t\t\t\t\t\t\t\t\t\t<img decoding=\"async\" src=\"https:\/\/markusschneider.es\/wp-content\/uploads\/elementor\/thumbs\/P1010435_8_edited3-qyfyrzg1wu593q6y11opctwlrnn5udj6oj51l90t1c.jpg\" title=\"Markus contrabajista de jazz en M\u00e1laga\" alt=\"Markus contrabajista de jazz en M\u00e1laga\" loading=\"lazy\" \/>\t\t\t\t\t\t\t\t\t\t\t\t\t<\/div>\n\t\t\t\t<\/div>\n\t\t\t\t<\/div>\n\t\t\t\t\t<\/div>\n\t\t\t\t<\/div>\n\t\t\t\t<\/div>\n\t\t","protected":false},"excerpt":{"rendered":"<p>BIOGRAFIE Leidenschaft f\u00fcr Kontrabass und E-Bass Kontakt \u00dcber Markus Schneider Ich bin Kontrabassist und E-Bassist aus Hamburg (Deutschland). Seit 2004 lebe ich in M\u00e1laga (Spanien). Im Alter von sieben Jahren begann ich Klavier zu spielen und mit achtzehn Jahren entdeckte ich meine Leidenschaft f\u00fcr den E- und Kontrabass. Bevor ich nach M\u00e1laga zog, arbeitete ich [&hellip;]<\/p>\n","protected":false},"author":1,"featured_media":659,"parent":0,"menu_order":0,"comment_status":"closed","ping_status":"closed","template":"elementor_header_footer","meta":{"footnotes":""},"class_list":["post-681","page","type-page","status-publish","has-post-thumbnail","hentry"],"yoast_head":"<!-- This site is optimized with the Yoast SEO plugin v24.0 - https:\/\/yoast.com\/wordpress\/plugins\/seo\/ -->\n<title>\u00dcber Markus Schneider | Kontrabass und E-Bass in M\u00e1laga<\/title>\n<meta name=\"description\" content=\"Lernen Sie Markus Schneider kennen, einen Kontrabassisten und E-Bassisten in M\u00e1laga, der f\u00fcr seine Leidenschaft, sein Talent und seine herausragenden internationalen Kooperationen bekannt ist.\" \/>\n<meta name=\"robots\" content=\"index, follow, max-snippet:-1, max-image-preview:large, max-video-preview:-1\" \/>\n<link rel=\"canonical\" href=\"https:\/\/markusschneider.es\/de\/biografie\/\" \/>\n<meta property=\"og:locale\" content=\"de_DE\" \/>\n<meta property=\"og:type\" content=\"article\" \/>\n<meta property=\"og:title\" content=\"\u00dcber Markus Schneider | Kontrabass und E-Bass in M\u00e1laga\" \/>\n<meta property=\"og:description\" content=\"Lernen Sie Markus Schneider kennen, einen Kontrabassisten und E-Bassisten in M\u00e1laga, der f\u00fcr seine Leidenschaft, sein Talent und seine herausragenden internationalen Kooperationen bekannt ist.\" \/>\n<meta property=\"og:url\" content=\"https:\/\/markusschneider.es\/de\/biografie\/\" \/>\n<meta property=\"og:site_name\" content=\"Markus Schneider\" \/>\n<meta property=\"article:modified_time\" content=\"2026-01-19T15:03:16+00:00\" \/>\n<meta property=\"og:image\" content=\"https:\/\/markusschneider.es\/wp-content\/uploads\/2024\/12\/Markus-Schneider.png\" \/>\n\t<meta property=\"og:image:width\" content=\"500\" \/>\n\t<meta property=\"og:image:height\" content=\"500\" \/>\n\t<meta property=\"og:image:type\" content=\"image\/png\" \/>\n<meta name=\"twitter:card\" content=\"summary_large_image\" \/>\n<meta name=\"twitter:label1\" content=\"Gesch\u00e4tzte Lesezeit\" \/>\n\t<meta name=\"twitter:data1\" content=\"2\u00a0Minuten\" \/>\n<script type=\"application\/ld+json\" class=\"yoast-schema-graph\">{\"@context\":\"https:\/\/schema.org\",\"@graph\":[{\"@type\":\"WebPage\",\"@id\":\"https:\/\/markusschneider.es\/de\/biografie\/\",\"url\":\"https:\/\/markusschneider.es\/de\/biografie\/\",\"name\":\"\u00dcber Markus Schneider | Kontrabass und E-Bass in M\u00e1laga\",\"isPartOf\":{\"@id\":\"https:\/\/markusschneider.es\/de\/#website\"},\"primaryImageOfPage\":{\"@id\":\"https:\/\/markusschneider.es\/de\/biografie\/#primaryimage\"},\"image\":{\"@id\":\"https:\/\/markusschneider.es\/de\/biografie\/#primaryimage\"},\"thumbnailUrl\":\"https:\/\/markusschneider.es\/wp-content\/uploads\/2024\/12\/Markus-Schneider.png\",\"datePublished\":\"2024-12-04T08:03:19+00:00\",\"dateModified\":\"2026-01-19T15:03:16+00:00\",\"description\":\"Lernen Sie Markus Schneider kennen, einen Kontrabassisten und E-Bassisten in M\u00e1laga, der f\u00fcr seine Leidenschaft, sein Talent und seine herausragenden internationalen Kooperationen bekannt ist.\",\"breadcrumb\":{\"@id\":\"https:\/\/markusschneider.es\/de\/biografie\/#breadcrumb\"},\"inLanguage\":\"de\",\"potentialAction\":[{\"@type\":\"ReadAction\",\"target\":[\"https:\/\/markusschneider.es\/de\/biografie\/\"]}]},{\"@type\":\"ImageObject\",\"inLanguage\":\"de\",\"@id\":\"https:\/\/markusschneider.es\/de\/biografie\/#primaryimage\",\"url\":\"https:\/\/markusschneider.es\/wp-content\/uploads\/2024\/12\/Markus-Schneider.png\",\"contentUrl\":\"https:\/\/markusschneider.es\/wp-content\/uploads\/2024\/12\/Markus-Schneider.png\",\"width\":500,\"height\":500},{\"@type\":\"BreadcrumbList\",\"@id\":\"https:\/\/markusschneider.es\/de\/biografie\/#breadcrumb\",\"itemListElement\":[{\"@type\":\"ListItem\",\"position\":1,\"name\":\"Portada\",\"item\":\"https:\/\/markusschneider.es\/de\/\"},{\"@type\":\"ListItem\",\"position\":2,\"name\":\"Biografie\"}]},{\"@type\":\"WebSite\",\"@id\":\"https:\/\/markusschneider.es\/de\/#website\",\"url\":\"https:\/\/markusschneider.es\/de\/\",\"name\":\"Markus Schneider\",\"description\":\"Contrabajista y bajo el\u00e9ctrico en M\u00e1laga\",\"publisher\":{\"@id\":\"https:\/\/markusschneider.es\/de\/#organization\"},\"potentialAction\":[{\"@type\":\"SearchAction\",\"target\":{\"@type\":\"EntryPoint\",\"urlTemplate\":\"https:\/\/markusschneider.es\/de\/?s={search_term_string}\"},\"query-input\":{\"@type\":\"PropertyValueSpecification\",\"valueRequired\":true,\"valueName\":\"search_term_string\"}}],\"inLanguage\":\"de\"},{\"@type\":\"Organization\",\"@id\":\"https:\/\/markusschneider.es\/de\/#organization\",\"name\":\"Markus Schneider\",\"url\":\"https:\/\/markusschneider.es\/de\/\",\"logo\":{\"@type\":\"ImageObject\",\"inLanguage\":\"de\",\"@id\":\"https:\/\/markusschneider.es\/de\/#\/schema\/logo\/image\/\",\"url\":\"https:\/\/markusschneider.es\/wp-content\/uploads\/2024\/12\/logo-markus-schneider-white.svg\",\"contentUrl\":\"https:\/\/markusschneider.es\/wp-content\/uploads\/2024\/12\/logo-markus-schneider-white.svg\",\"width\":200,\"height\":66,\"caption\":\"Markus Schneider\"},\"image\":{\"@id\":\"https:\/\/markusschneider.es\/de\/#\/schema\/logo\/image\/\"}}]}<\/script>\n<!-- \/ Yoast SEO plugin. -->","yoast_head_json":{"title":"\u00dcber Markus Schneider | Kontrabass und E-Bass in M\u00e1laga","description":"Lernen Sie Markus Schneider kennen, einen Kontrabassisten und E-Bassisten in M\u00e1laga, der f\u00fcr seine Leidenschaft, sein Talent und seine herausragenden internationalen Kooperationen bekannt ist.","robots":{"index":"index","follow":"follow","max-snippet":"max-snippet:-1","max-image-preview":"max-image-preview:large","max-video-preview":"max-video-preview:-1"},"canonical":"https:\/\/markusschneider.es\/de\/biografie\/","og_locale":"de_DE","og_type":"article","og_title":"\u00dcber Markus Schneider | Kontrabass und E-Bass in M\u00e1laga","og_description":"Lernen Sie Markus Schneider kennen, einen Kontrabassisten und E-Bassisten in M\u00e1laga, der f\u00fcr seine Leidenschaft, sein Talent und seine herausragenden internationalen Kooperationen bekannt ist.","og_url":"https:\/\/markusschneider.es\/de\/biografie\/","og_site_name":"Markus Schneider","article_modified_time":"2026-01-19T15:03:16+00:00","og_image":[{"width":500,"height":500,"url":"https:\/\/markusschneider.es\/wp-content\/uploads\/2024\/12\/Markus-Schneider.png","type":"image\/png"}],"twitter_card":"summary_large_image","twitter_misc":{"Gesch\u00e4tzte Lesezeit":"2\u00a0Minuten"},"schema":{"@context":"https:\/\/schema.org","@graph":[{"@type":"WebPage","@id":"https:\/\/markusschneider.es\/de\/biografie\/","url":"https:\/\/markusschneider.es\/de\/biografie\/","name":"\u00dcber Markus Schneider | Kontrabass und E-Bass in M\u00e1laga","isPartOf":{"@id":"https:\/\/markusschneider.es\/de\/#website"},"primaryImageOfPage":{"@id":"https:\/\/markusschneider.es\/de\/biografie\/#primaryimage"},"image":{"@id":"https:\/\/markusschneider.es\/de\/biografie\/#primaryimage"},"thumbnailUrl":"https:\/\/markusschneider.es\/wp-content\/uploads\/2024\/12\/Markus-Schneider.png","datePublished":"2024-12-04T08:03:19+00:00","dateModified":"2026-01-19T15:03:16+00:00","description":"Lernen Sie Markus Schneider kennen, einen Kontrabassisten und E-Bassisten in M\u00e1laga, der f\u00fcr seine Leidenschaft, sein Talent und seine herausragenden internationalen Kooperationen bekannt ist.","breadcrumb":{"@id":"https:\/\/markusschneider.es\/de\/biografie\/#breadcrumb"},"inLanguage":"de","potentialAction":[{"@type":"ReadAction","target":["https:\/\/markusschneider.es\/de\/biografie\/"]}]},{"@type":"ImageObject","inLanguage":"de","@id":"https:\/\/markusschneider.es\/de\/biografie\/#primaryimage","url":"https:\/\/markusschneider.es\/wp-content\/uploads\/2024\/12\/Markus-Schneider.png","contentUrl":"https:\/\/markusschneider.es\/wp-content\/uploads\/2024\/12\/Markus-Schneider.png","width":500,"height":500},{"@type":"BreadcrumbList","@id":"https:\/\/markusschneider.es\/de\/biografie\/#breadcrumb","itemListElement":[{"@type":"ListItem","position":1,"name":"Portada","item":"https:\/\/markusschneider.es\/de\/"},{"@type":"ListItem","position":2,"name":"Biografie"}]},{"@type":"WebSite","@id":"https:\/\/markusschneider.es\/de\/#website","url":"https:\/\/markusschneider.es\/de\/","name":"Markus Schneider","description":"Contrabajista y bajo el\u00e9ctrico en M\u00e1laga","publisher":{"@id":"https:\/\/markusschneider.es\/de\/#organization"},"potentialAction":[{"@type":"SearchAction","target":{"@type":"EntryPoint","urlTemplate":"https:\/\/markusschneider.es\/de\/?s={search_term_string}"},"query-input":{"@type":"PropertyValueSpecification","valueRequired":true,"valueName":"search_term_string"}}],"inLanguage":"de"},{"@type":"Organization","@id":"https:\/\/markusschneider.es\/de\/#organization","name":"Markus Schneider","url":"https:\/\/markusschneider.es\/de\/","logo":{"@type":"ImageObject","inLanguage":"de","@id":"https:\/\/markusschneider.es\/de\/#\/schema\/logo\/image\/","url":"https:\/\/markusschneider.es\/wp-content\/uploads\/2024\/12\/logo-markus-schneider-white.svg","contentUrl":"https:\/\/markusschneider.es\/wp-content\/uploads\/2024\/12\/logo-markus-schneider-white.svg","width":200,"height":66,"caption":"Markus Schneider"},"image":{"@id":"https:\/\/markusschneider.es\/de\/#\/schema\/logo\/image\/"}}]}},"_links":{"self":[{"href":"https:\/\/markusschneider.es\/de\/wp-json\/wp\/v2\/pages\/681","targetHints":{"allow":["GET"]}}],"collection":[{"href":"https:\/\/markusschneider.es\/de\/wp-json\/wp\/v2\/pages"}],"about":[{"href":"https:\/\/markusschneider.es\/de\/wp-json\/wp\/v2\/types\/page"}],"author":[{"embeddable":true,"href":"https:\/\/markusschneider.es\/de\/wp-json\/wp\/v2\/users\/1"}],"replies":[{"embeddable":true,"href":"https:\/\/markusschneider.es\/de\/wp-json\/wp\/v2\/comments?post=681"}],"version-history":[{"count":9,"href":"https:\/\/markusschneider.es\/de\/wp-json\/wp\/v2\/pages\/681\/revisions"}],"predecessor-version":[{"id":857,"href":"https:\/\/markusschneider.es\/de\/wp-json\/wp\/v2\/pages\/681\/revisions\/857"}],"wp:featuredmedia":[{"embeddable":true,"href":"https:\/\/markusschneider.es\/de\/wp-json\/wp\/v2\/media\/659"}],"wp:attachment":[{"href":"https:\/\/markusschneider.es\/de\/wp-json\/wp\/v2\/media?parent=681"}],"curies":[{"name":"wp","href":"https:\/\/api.w.org\/{rel}","templated":true}]}}