{"id":945,"date":"2026-01-20T07:43:10","date_gmt":"2026-01-20T07:43:10","guid":{"rendered":"https:\/\/markusschneider.es\/contacto-2\/"},"modified":"2026-01-20T07:54:04","modified_gmt":"2026-01-20T07:54:04","slug":"kontakt","status":"publish","type":"page","link":"https:\/\/markusschneider.es\/de\/kontakt\/","title":{"rendered":"Kontakt"},"content":{"rendered":"\t\t<div data-elementor-type=\"wp-page\" data-elementor-id=\"945\" class=\"elementor elementor-945 elementor-937\" data-elementor-post-type=\"page\">\n\t\t\t\t<div class=\"elementor-element elementor-element-d5adb94 e-flex e-con-boxed e-con e-parent\" data-id=\"d5adb94\" data-element_type=\"container\" data-settings=\"{&quot;background_background&quot;:&quot;classic&quot;}\">\n\t\t\t\t\t<div class=\"e-con-inner\">\n\t\t<div class=\"elementor-element elementor-element-b273a6c e-con-full e-flex e-con e-child\" data-id=\"b273a6c\" data-element_type=\"container\">\n\t\t\t\t<\/div>\n\t\t<div class=\"elementor-element elementor-element-9793d5e e-con-full e-flex e-con e-child\" data-id=\"9793d5e\" data-element_type=\"container\">\n\t\t\t\t<div class=\"elementor-element elementor-element-420748c elementor-widget elementor-widget-heading\" data-id=\"420748c\" data-element_type=\"widget\" data-widget_type=\"heading.default\">\n\t\t\t\t<div class=\"elementor-widget-container\">\n\t\t\t<h1 class=\"elementor-heading-title elementor-size-default\">KONTAKT<\/h1>\t\t<\/div>\n\t\t\t\t<\/div>\n\t\t\t\t<div class=\"elementor-element elementor-element-5abb331 elementor-invisible elementor-widget elementor-widget-text-editor\" data-id=\"5abb331\" data-element_type=\"widget\" data-settings=\"{&quot;_animation&quot;:&quot;fadeInUp&quot;}\" data-widget_type=\"text-editor.default\">\n\t\t\t\t<div class=\"elementor-widget-container\">\n\t\t\t\t\t\t\t<p>Markus Schneider, Kontrabass- und E-Bass-Spieler in Malaga<\/p>\t\t\t\t\t\t<\/div>\n\t\t\t\t<\/div>\n\t\t\t\t<\/div>\n\t\t\t\t\t<\/div>\n\t\t\t\t<\/div>\n\t\t<div class=\"elementor-element elementor-element-2e1e08b e-flex e-con-boxed e-con e-parent\" data-id=\"2e1e08b\" data-element_type=\"container\" data-settings=\"{&quot;background_background&quot;:&quot;classic&quot;}\">\n\t\t\t\t\t<div class=\"e-con-inner\">\n\t\t<div class=\"elementor-element elementor-element-108e8a2 e-con-full e-flex e-con e-child\" data-id=\"108e8a2\" data-element_type=\"container\">\n\t\t\t\t<div class=\"elementor-element elementor-element-c47179f elementor-widget__width-initial elementor-widget elementor-widget-text-editor\" data-id=\"c47179f\" data-element_type=\"widget\" data-widget_type=\"text-editor.default\">\n\t\t\t\t<div class=\"elementor-widget-container\">\n\t\t\t\t\t\t\t<p>Bei Fragen zu Kursen, Konzerten, Aufnahmen oder anderen Angeboten kontaktieren Sie mich bitte. Ich helfe Ihnen gerne, die beste Option f\u00fcr Sie zu finden.<\/p><p>Bitte f\u00fcllen Sie das Formular aus. Ich melde mich schnellstm\u00f6glich bei Ihnen.<\/p>\t\t\t\t\t\t<\/div>\n\t\t\t\t<\/div>\n\t\t\t\t<div class=\"elementor-element elementor-element-a8dbecf elementor-button-align-start elementor-widget__width-initial elementor-widget elementor-widget-form\" data-id=\"a8dbecf\" data-element_type=\"widget\" data-settings=\"{&quot;step_next_label&quot;:&quot;Siguiente&quot;,&quot;step_previous_label&quot;:&quot;Anterior&quot;,&quot;button_width&quot;:&quot;100&quot;,&quot;step_type&quot;:&quot;number_text&quot;,&quot;step_icon_shape&quot;:&quot;circle&quot;}\" data-widget_type=\"form.default\">\n\t\t\t\t<div class=\"elementor-widget-container\">\n\t\t\t\t\t<form class=\"elementor-form\" method=\"post\" name=\"Nuevo formulario\">\n\t\t\t<input type=\"hidden\" name=\"post_id\" value=\"945\"\/>\n\t\t\t<input type=\"hidden\" name=\"form_id\" value=\"a8dbecf\"\/>\n\t\t\t<input type=\"hidden\" name=\"referer_title\" value=\"Markus Schneider\" \/>\n\n\t\t\t\n\t\t\t<div class=\"elementor-form-fields-wrapper elementor-labels-\">\n\t\t\t\t\t\t\t\t<div class=\"elementor-field-type-text elementor-field-group elementor-column elementor-field-group-name elementor-col-100 elementor-field-required\">\n\t\t\t\t\t\t\t\t\t\t\t\t<label for=\"form-field-name\" class=\"elementor-field-label elementor-screen-only\">\n\t\t\t\t\t\t\t\tName\t\t\t\t\t\t\t<\/label>\n\t\t\t\t\t\t\t\t\t\t\t\t\t\t<input size=\"1\" type=\"text\" name=\"form_fields[name]\" id=\"form-field-name\" class=\"elementor-field elementor-size-sm  elementor-field-textual\" placeholder=\"Name\" required=\"required\" aria-required=\"true\">\n\t\t\t\t\t\t\t\t\t\t\t<\/div>\n\t\t\t\t\t\t\t\t<div class=\"elementor-field-type-email elementor-field-group elementor-column elementor-field-group-email elementor-col-100 elementor-field-required\">\n\t\t\t\t\t\t\t\t\t\t\t\t<label for=\"form-field-email\" class=\"elementor-field-label elementor-screen-only\">\n\t\t\t\t\t\t\t\tE-Mail\t\t\t\t\t\t\t<\/label>\n\t\t\t\t\t\t\t\t\t\t\t\t\t\t<input size=\"1\" type=\"email\" name=\"form_fields[email]\" id=\"form-field-email\" class=\"elementor-field elementor-size-sm  elementor-field-textual\" placeholder=\"E-Mail\" required=\"required\" aria-required=\"true\">\n\t\t\t\t\t\t\t\t\t\t\t<\/div>\n\t\t\t\t\t\t\t\t<div class=\"elementor-field-type-textarea elementor-field-group elementor-column elementor-field-group-message elementor-col-100\">\n\t\t\t\t\t\t\t\t\t\t\t\t<label for=\"form-field-message\" class=\"elementor-field-label elementor-screen-only\">\n\t\t\t\t\t\t\t\tNachricht\t\t\t\t\t\t\t<\/label>\n\t\t\t\t\t\t<textarea class=\"elementor-field-textual elementor-field  elementor-size-sm\" name=\"form_fields[message]\" id=\"form-field-message\" rows=\"4\" placeholder=\"Nachricht\"><\/textarea>\t\t\t\t<\/div>\n\t\t\t\t\t\t\t\t<div class=\"elementor-field-type-acceptance elementor-field-group elementor-column elementor-field-group-field_d33cb45 elementor-col-100 elementor-field-required\">\n\t\t\t\t\t\t\t<div class=\"elementor-field-subgroup\">\n\t\t\t<span class=\"elementor-field-option\">\n\t\t\t\t<input type=\"checkbox\" name=\"form_fields[field_d33cb45]\" id=\"form-field-field_d33cb45\" class=\"elementor-field elementor-size-sm  elementor-acceptance-field\" required=\"required\" aria-required=\"true\">\n\t\t\t\t<label for=\"form-field-field_d33cb45\">Ich akzeptiere die <a href=\"https:\/\/markusschneider.es\/politica-de-privacidad\/\">Pol\u00edtica de Privacidad<\/a><\/label>\t\t\t<\/span>\n\t\t<\/div>\n\t\t\t\t\t\t<\/div>\n\t\t\t\t\t\t\t\t<div class=\"elementor-field-type-recaptcha_v3 elementor-field-group elementor-column elementor-field-group-field_d664e15 elementor-col-100 recaptcha_v3-bottomright\">\n\t\t\t\t\t<div class=\"elementor-field\" id=\"form-field-field_d664e15\"><div class=\"elementor-g-recaptcha\" data-sitekey=\"6LfpI54qAAAAADca07XzXECmUkrFk-54qsd7PjhQ\" data-type=\"v3\" data-action=\"Form\" data-badge=\"bottomright\" data-size=\"invisible\"><\/div><\/div>\t\t\t\t<\/div>\n\t\t\t\t\t\t\t\t<div class=\"elementor-field-group elementor-column elementor-field-type-submit elementor-col-100 e-form__buttons\">\n\t\t\t\t\t<button class=\"elementor-button elementor-size-sm\" type=\"submit\">\n\t\t\t\t\t\t<span class=\"elementor-button-content-wrapper\">\n\t\t\t\t\t\t\t\t\t\t\t\t\t\t\t\t\t\t\t\t\t\t<span class=\"elementor-button-text\">Schicken<\/span>\n\t\t\t\t\t\t\t\t\t\t\t\t\t<\/span>\n\t\t\t\t\t<\/button>\n\t\t\t\t<\/div>\n\t\t\t<\/div>\n\t\t<\/form>\n\t\t\t\t<\/div>\n\t\t\t\t<\/div>\n\t\t\t\t<\/div>\n\t\t\t\t\t<\/div>\n\t\t\t\t<\/div>\n\t\t\t\t<\/div>\n\t\t","protected":false},"excerpt":{"rendered":"<p>KONTAKT Markus Schneider, Kontrabass- und E-Bass-Spieler in Malaga Bei Fragen zu Kursen, Konzerten, Aufnahmen oder anderen Angeboten kontaktieren Sie mich bitte. Ich helfe Ihnen gerne, die beste Option f\u00fcr Sie zu finden. Bitte f\u00fcllen Sie das Formular aus. Ich melde mich schnellstm\u00f6glich bei Ihnen.<\/p>\n","protected":false},"author":1,"featured_media":0,"parent":0,"menu_order":0,"comment_status":"closed","ping_status":"closed","template":"","meta":{"footnotes":""},"class_list":["post-945","page","type-page","status-publish","hentry"],"yoast_head":"<!-- This site is optimized with the Yoast SEO plugin v24.0 - https:\/\/yoast.com\/wordpress\/plugins\/seo\/ -->\n<title>Kontakt - Markus Schneider<\/title>\n<meta name=\"robots\" content=\"index, follow, max-snippet:-1, max-image-preview:large, max-video-preview:-1\" \/>\n<link rel=\"canonical\" href=\"https:\/\/markusschneider.es\/de\/kontakt\/\" \/>\n<meta property=\"og:locale\" content=\"de_DE\" \/>\n<meta property=\"og:type\" content=\"article\" \/>\n<meta property=\"og:title\" content=\"Kontakt - Markus Schneider\" \/>\n<meta property=\"og:description\" content=\"KONTAKT Markus Schneider, Kontrabass- und E-Bass-Spieler in Malaga Bei Fragen zu Kursen, Konzerten, Aufnahmen oder anderen Angeboten kontaktieren Sie mich bitte. Ich helfe Ihnen gerne, die beste Option f\u00fcr Sie zu finden. Bitte f\u00fcllen Sie das Formular aus. Ich melde mich schnellstm\u00f6glich bei Ihnen.\" \/>\n<meta property=\"og:url\" content=\"https:\/\/markusschneider.es\/de\/kontakt\/\" \/>\n<meta property=\"og:site_name\" content=\"Markus Schneider\" \/>\n<meta property=\"article:modified_time\" content=\"2026-01-20T07:54:04+00:00\" \/>\n<meta name=\"twitter:card\" content=\"summary_large_image\" \/>\n<meta name=\"twitter:label1\" content=\"Gesch\u00e4tzte Lesezeit\" \/>\n\t<meta name=\"twitter:data1\" content=\"1\u00a0Minute\" \/>\n<script type=\"application\/ld+json\" class=\"yoast-schema-graph\">{\"@context\":\"https:\/\/schema.org\",\"@graph\":[{\"@type\":\"WebPage\",\"@id\":\"https:\/\/markusschneider.es\/de\/kontakt\/\",\"url\":\"https:\/\/markusschneider.es\/de\/kontakt\/\",\"name\":\"Kontakt - Markus Schneider\",\"isPartOf\":{\"@id\":\"https:\/\/markusschneider.es\/de\/#website\"},\"datePublished\":\"2026-01-20T07:43:10+00:00\",\"dateModified\":\"2026-01-20T07:54:04+00:00\",\"breadcrumb\":{\"@id\":\"https:\/\/markusschneider.es\/de\/kontakt\/#breadcrumb\"},\"inLanguage\":\"de\",\"potentialAction\":[{\"@type\":\"ReadAction\",\"target\":[\"https:\/\/markusschneider.es\/de\/kontakt\/\"]}]},{\"@type\":\"BreadcrumbList\",\"@id\":\"https:\/\/markusschneider.es\/de\/kontakt\/#breadcrumb\",\"itemListElement\":[{\"@type\":\"ListItem\",\"position\":1,\"name\":\"Portada\",\"item\":\"https:\/\/markusschneider.es\/de\/\"},{\"@type\":\"ListItem\",\"position\":2,\"name\":\"Kontakt\"}]},{\"@type\":\"WebSite\",\"@id\":\"https:\/\/markusschneider.es\/de\/#website\",\"url\":\"https:\/\/markusschneider.es\/de\/\",\"name\":\"Markus Schneider\",\"description\":\"Contrabajista y bajo el\u00e9ctrico en M\u00e1laga\",\"publisher\":{\"@id\":\"https:\/\/markusschneider.es\/de\/#organization\"},\"potentialAction\":[{\"@type\":\"SearchAction\",\"target\":{\"@type\":\"EntryPoint\",\"urlTemplate\":\"https:\/\/markusschneider.es\/de\/?s={search_term_string}\"},\"query-input\":{\"@type\":\"PropertyValueSpecification\",\"valueRequired\":true,\"valueName\":\"search_term_string\"}}],\"inLanguage\":\"de\"},{\"@type\":\"Organization\",\"@id\":\"https:\/\/markusschneider.es\/de\/#organization\",\"name\":\"Markus Schneider\",\"url\":\"https:\/\/markusschneider.es\/de\/\",\"logo\":{\"@type\":\"ImageObject\",\"inLanguage\":\"de\",\"@id\":\"https:\/\/markusschneider.es\/de\/#\/schema\/logo\/image\/\",\"url\":\"https:\/\/markusschneider.es\/wp-content\/uploads\/2024\/12\/logo-markus-schneider-white.svg\",\"contentUrl\":\"https:\/\/markusschneider.es\/wp-content\/uploads\/2024\/12\/logo-markus-schneider-white.svg\",\"width\":200,\"height\":66,\"caption\":\"Markus Schneider\"},\"image\":{\"@id\":\"https:\/\/markusschneider.es\/de\/#\/schema\/logo\/image\/\"}}]}<\/script>\n<!-- \/ Yoast SEO plugin. -->","yoast_head_json":{"title":"Kontakt - Markus Schneider","robots":{"index":"index","follow":"follow","max-snippet":"max-snippet:-1","max-image-preview":"max-image-preview:large","max-video-preview":"max-video-preview:-1"},"canonical":"https:\/\/markusschneider.es\/de\/kontakt\/","og_locale":"de_DE","og_type":"article","og_title":"Kontakt - Markus Schneider","og_description":"KONTAKT Markus Schneider, Kontrabass- und E-Bass-Spieler in Malaga Bei Fragen zu Kursen, Konzerten, Aufnahmen oder anderen Angeboten kontaktieren Sie mich bitte. Ich helfe Ihnen gerne, die beste Option f\u00fcr Sie zu finden. Bitte f\u00fcllen Sie das Formular aus. Ich melde mich schnellstm\u00f6glich bei Ihnen.","og_url":"https:\/\/markusschneider.es\/de\/kontakt\/","og_site_name":"Markus Schneider","article_modified_time":"2026-01-20T07:54:04+00:00","twitter_card":"summary_large_image","twitter_misc":{"Gesch\u00e4tzte Lesezeit":"1\u00a0Minute"},"schema":{"@context":"https:\/\/schema.org","@graph":[{"@type":"WebPage","@id":"https:\/\/markusschneider.es\/de\/kontakt\/","url":"https:\/\/markusschneider.es\/de\/kontakt\/","name":"Kontakt - Markus Schneider","isPartOf":{"@id":"https:\/\/markusschneider.es\/de\/#website"},"datePublished":"2026-01-20T07:43:10+00:00","dateModified":"2026-01-20T07:54:04+00:00","breadcrumb":{"@id":"https:\/\/markusschneider.es\/de\/kontakt\/#breadcrumb"},"inLanguage":"de","potentialAction":[{"@type":"ReadAction","target":["https:\/\/markusschneider.es\/de\/kontakt\/"]}]},{"@type":"BreadcrumbList","@id":"https:\/\/markusschneider.es\/de\/kontakt\/#breadcrumb","itemListElement":[{"@type":"ListItem","position":1,"name":"Portada","item":"https:\/\/markusschneider.es\/de\/"},{"@type":"ListItem","position":2,"name":"Kontakt"}]},{"@type":"WebSite","@id":"https:\/\/markusschneider.es\/de\/#website","url":"https:\/\/markusschneider.es\/de\/","name":"Markus Schneider","description":"Contrabajista y bajo el\u00e9ctrico en M\u00e1laga","publisher":{"@id":"https:\/\/markusschneider.es\/de\/#organization"},"potentialAction":[{"@type":"SearchAction","target":{"@type":"EntryPoint","urlTemplate":"https:\/\/markusschneider.es\/de\/?s={search_term_string}"},"query-input":{"@type":"PropertyValueSpecification","valueRequired":true,"valueName":"search_term_string"}}],"inLanguage":"de"},{"@type":"Organization","@id":"https:\/\/markusschneider.es\/de\/#organization","name":"Markus Schneider","url":"https:\/\/markusschneider.es\/de\/","logo":{"@type":"ImageObject","inLanguage":"de","@id":"https:\/\/markusschneider.es\/de\/#\/schema\/logo\/image\/","url":"https:\/\/markusschneider.es\/wp-content\/uploads\/2024\/12\/logo-markus-schneider-white.svg","contentUrl":"https:\/\/markusschneider.es\/wp-content\/uploads\/2024\/12\/logo-markus-schneider-white.svg","width":200,"height":66,"caption":"Markus Schneider"},"image":{"@id":"https:\/\/markusschneider.es\/de\/#\/schema\/logo\/image\/"}}]}},"_links":{"self":[{"href":"https:\/\/markusschneider.es\/de\/wp-json\/wp\/v2\/pages\/945","targetHints":{"allow":["GET"]}}],"collection":[{"href":"https:\/\/markusschneider.es\/de\/wp-json\/wp\/v2\/pages"}],"about":[{"href":"https:\/\/markusschneider.es\/de\/wp-json\/wp\/v2\/types\/page"}],"author":[{"embeddable":true,"href":"https:\/\/markusschneider.es\/de\/wp-json\/wp\/v2\/users\/1"}],"replies":[{"embeddable":true,"href":"https:\/\/markusschneider.es\/de\/wp-json\/wp\/v2\/comments?post=945"}],"version-history":[{"count":5,"href":"https:\/\/markusschneider.es\/de\/wp-json\/wp\/v2\/pages\/945\/revisions"}],"predecessor-version":[{"id":963,"href":"https:\/\/markusschneider.es\/de\/wp-json\/wp\/v2\/pages\/945\/revisions\/963"}],"wp:attachment":[{"href":"https:\/\/markusschneider.es\/de\/wp-json\/wp\/v2\/media?parent=945"}],"curies":[{"name":"wp","href":"https:\/\/api.w.org\/{rel}","templated":true}]}}