{"id":707,"date":"2024-12-04T08:03:19","date_gmt":"2024-12-04T08:03:19","guid":{"rendered":"https:\/\/markusschneider.es\/biographie\/"},"modified":"2026-01-19T14:58:16","modified_gmt":"2026-01-19T14:58:16","slug":"biographie","status":"publish","type":"page","link":"https:\/\/markusschneider.es\/fr\/biographie\/","title":{"rendered":"Biographie"},"content":{"rendered":"\t\t<div data-elementor-type=\"wp-page\" data-elementor-id=\"707\" class=\"elementor elementor-707 elementor-14\" data-elementor-post-type=\"page\">\n\t\t\t\t<div class=\"elementor-element elementor-element-bbab7d2 e-flex e-con-boxed e-con e-parent\" data-id=\"bbab7d2\" data-element_type=\"container\" data-settings=\"{&quot;background_background&quot;:&quot;classic&quot;}\">\n\t\t\t\t\t<div class=\"e-con-inner\">\n\t\t<div class=\"elementor-element elementor-element-88e5b73 e-con-full e-flex e-con e-child\" data-id=\"88e5b73\" data-element_type=\"container\">\n\t\t\t\t<\/div>\n\t\t<div class=\"elementor-element elementor-element-1eb4785 e-con-full e-flex e-con e-child\" data-id=\"1eb4785\" data-element_type=\"container\">\n\t\t\t\t<div class=\"elementor-element elementor-element-112d866 elementor-widget elementor-widget-heading\" data-id=\"112d866\" data-element_type=\"widget\" data-settings=\"{&quot;_animation_tablet&quot;:&quot;none&quot;,&quot;_animation_mobile&quot;:&quot;none&quot;}\" data-widget_type=\"heading.default\">\n\t\t\t\t<div class=\"elementor-widget-container\">\n\t\t\t<h1 class=\"elementor-heading-title elementor-size-default\">BIIOGRAPHIE<\/h1>\t\t<\/div>\n\t\t\t\t<\/div>\n\t\t\t\t<div class=\"elementor-element elementor-element-c6638e3 elementor-widget elementor-widget-heading\" data-id=\"c6638e3\" data-element_type=\"widget\" data-widget_type=\"heading.default\">\n\t\t\t\t<div class=\"elementor-widget-container\">\n\t\t\t<h2 class=\"elementor-heading-title elementor-size-default\">Passion pour la contrebasse et la basse \u00e9lectrique.<\/h2>\t\t<\/div>\n\t\t\t\t<\/div>\n\t\t\t\t<div class=\"elementor-element elementor-element-5ca3bf2 elementor-invisible elementor-widget elementor-widget-button\" data-id=\"5ca3bf2\" data-element_type=\"widget\" data-settings=\"{&quot;_animation&quot;:&quot;fadeInUp&quot;}\" data-widget_type=\"button.default\">\n\t\t\t\t<div class=\"elementor-widget-container\">\n\t\t\t\t\t\t\t<div class=\"elementor-button-wrapper\">\n\t\t\t\t\t<a class=\"elementor-button elementor-size-sm\" role=\"button\">\n\t\t\t\t\t\t<span class=\"elementor-button-content-wrapper\">\n\t\t\t\t\t\t\t\t\t<span class=\"elementor-button-text\">Contact<\/span>\n\t\t\t\t\t<\/span>\n\t\t\t\t\t<\/a>\n\t\t\t\t<\/div>\n\t\t\t\t\t\t<\/div>\n\t\t\t\t<\/div>\n\t\t\t\t<\/div>\n\t\t\t\t\t<\/div>\n\t\t\t\t<\/div>\n\t\t<div class=\"elementor-element elementor-element-23ceae8 e-con-full e-flex e-con e-parent\" data-id=\"23ceae8\" data-element_type=\"container\" data-settings=\"{&quot;background_background&quot;:&quot;classic&quot;}\">\n\t\t<div class=\"elementor-element elementor-element-af4b796 e-con-full e-flex e-con e-child\" data-id=\"af4b796\" data-element_type=\"container\" data-settings=\"{&quot;background_background&quot;:&quot;classic&quot;}\">\n\t\t\t\t<\/div>\n\t\t<div class=\"elementor-element elementor-element-f91e64e e-con-full e-flex e-con e-child\" data-id=\"f91e64e\" data-element_type=\"container\">\n\t\t\t\t<div class=\"elementor-element elementor-element-a91ea7f elementor-invisible elementor-widget elementor-widget-heading\" data-id=\"a91ea7f\" data-element_type=\"widget\" data-settings=\"{&quot;_animation&quot;:&quot;fadeInUp&quot;}\" data-widget_type=\"heading.default\">\n\t\t\t\t<div class=\"elementor-widget-container\">\n\t\t\t<h2 class=\"elementor-heading-title elementor-size-default\">\u00c0 propos de Markus Schneider.<\/h2>\t\t<\/div>\n\t\t\t\t<\/div>\n\t\t\t\t<div class=\"elementor-element elementor-element-4156542 elementor-invisible elementor-widget elementor-widget-text-editor\" data-id=\"4156542\" data-element_type=\"widget\" data-settings=\"{&quot;_animation&quot;:&quot;fadeInUp&quot;}\" data-widget_type=\"text-editor.default\">\n\t\t\t\t<div class=\"elementor-widget-container\">\n\t\t\t\t\t\t\t<p class=\"p1\">Je suis un contrebassiste et un bassiste \u00e9lectrique n\u00e9 \u00e0 Hambourg (Allemagne). Depuis 2004, je vis \u00e0 M\u00e1laga (Espagne).<\/p><p class=\"p1\">J&rsquo;ai commenc\u00e9 \u00e0 jouer du piano \u00e0 l&rsquo;\u00e2ge de sept ans et \u00e0 l&rsquo;\u00e2ge de dix-huit ans, j&rsquo;ai trouv\u00e9 ma passion en jouant de la basse \u00e9lectrique et de la contrebasse dans toute sa polyvalence. Avant de m&rsquo;installer \u00e0 Malaga, j&rsquo;ai travaill\u00e9 comme musicien professionnel en Allemagne. Depuis lors, je participe \u00e0 des projets dans des genres tels que le jazz, la soul, le blues, le latin, la fusion, la pop, le rock et les com\u00e9dies musicales. Au fil des ans, j&rsquo;ai particip\u00e9 \u00e0 d&rsquo;innombrables festivals de musique nationaux et internationaux et j&rsquo;ai collabor\u00e9 avec des artistes de renom. J&rsquo;enseigne \u00e9galement la basse \u00e9lectrique, la contrebasse, l&rsquo;ensemble et la th\u00e9orie musicale dans des \u00e9coles de musique et en priv\u00e9, et ce depuis plus de vingt ans. Si vous souhaitez en savoir plus sur ma formation et ma carri\u00e8re, je vous invite \u00e0 consulter mon CV complet.<\/p>\t\t\t\t\t\t<\/div>\n\t\t\t\t<\/div>\n\t\t\t\t<div class=\"elementor-element elementor-element-3503602 elementor-widget__width-auto elementor-invisible elementor-widget elementor-widget-button\" data-id=\"3503602\" data-element_type=\"widget\" data-settings=\"{&quot;_animation&quot;:&quot;fadeInUp&quot;}\" data-widget_type=\"button.default\">\n\t\t\t\t<div class=\"elementor-widget-container\">\n\t\t\t\t\t\t\t<div class=\"elementor-button-wrapper\">\n\t\t\t\t\t<a class=\"elementor-button elementor-button-link elementor-size-sm\" href=\"https:\/\/markusschneider.es\/wp-content\/uploads\/2024\/12\/Markus-Schneider-CV-Espanol-completo-9-24.pdf\" target=\"_blank\">\n\t\t\t\t\t\t<span class=\"elementor-button-content-wrapper\">\n\t\t\t\t\t\t\t\t\t<span class=\"elementor-button-text\">T\u00e9l\u00e9charger le CV<\/span>\n\t\t\t\t\t<\/span>\n\t\t\t\t\t<\/a>\n\t\t\t\t<\/div>\n\t\t\t\t\t\t<\/div>\n\t\t\t\t<\/div>\n\t\t\t\t<\/div>\n\t\t\t\t<\/div>\n\t\t<div class=\"elementor-element elementor-element-19e0e44 e-flex e-con-boxed e-con e-parent\" data-id=\"19e0e44\" data-element_type=\"container\" data-settings=\"{&quot;background_background&quot;:&quot;classic&quot;}\">\n\t\t\t\t\t<div class=\"e-con-inner\">\n\t\t\t\t<div class=\"elementor-element elementor-element-c6a4ed7 elementor-invisible elementor-widget elementor-widget-heading\" data-id=\"c6a4ed7\" data-element_type=\"widget\" data-settings=\"{&quot;_animation&quot;:&quot;fadeInUp&quot;}\" data-widget_type=\"heading.default\">\n\t\t\t\t<div class=\"elementor-widget-container\">\n\t\t\t<h2 class=\"elementor-heading-title elementor-size-default\">Magic in every note<\/h2>\t\t<\/div>\n\t\t\t\t<\/div>\n\t\t\t\t\t<\/div>\n\t\t\t\t<\/div>\n\t\t<div class=\"elementor-element elementor-element-52d92a1 e-flex e-con-boxed e-con e-parent\" data-id=\"52d92a1\" data-element_type=\"container\" data-settings=\"{&quot;background_background&quot;:&quot;classic&quot;}\">\n\t\t\t\t\t<div class=\"e-con-inner\">\n\t\t<div class=\"elementor-element elementor-element-8cc7767 e-con-full e-flex e-con e-child\" data-id=\"8cc7767\" data-element_type=\"container\">\n\t\t\t\t<div class=\"elementor-element elementor-element-aeda128 elementor-invisible elementor-widget elementor-widget-image\" data-id=\"aeda128\" data-element_type=\"widget\" data-settings=\"{&quot;_animation&quot;:&quot;fadeInUp&quot;}\" data-widget_type=\"image.default\">\n\t\t\t\t<div class=\"elementor-widget-container\">\n\t\t\t\t\t\t\t\t\t\t\t\t\t<img decoding=\"async\" src=\"https:\/\/markusschneider.es\/wp-content\/uploads\/elementor\/thumbs\/P1010499_7_edited2-qyctujpmowvabbgtbqm52q9jwpny2a12ehihxkvwu8.jpg\" title=\"Sobre Markus\" alt=\"Sobre Markus\" loading=\"lazy\" \/>\t\t\t\t\t\t\t\t\t\t\t\t\t<\/div>\n\t\t\t\t<\/div>\n\t\t\t\t<\/div>\n\t\t<div class=\"elementor-element elementor-element-557ce31 e-con-full e-flex e-con e-child\" data-id=\"557ce31\" data-element_type=\"container\">\n\t\t\t\t<div class=\"elementor-element elementor-element-4652a77 elementor-invisible elementor-widget elementor-widget-image\" data-id=\"4652a77\" data-element_type=\"widget\" data-settings=\"{&quot;_animation&quot;:&quot;fadeInUp&quot;}\" data-widget_type=\"image.default\">\n\t\t\t\t<div class=\"elementor-widget-container\">\n\t\t\t\t\t\t\t\t\t\t\t\t\t<img decoding=\"async\" src=\"https:\/\/markusschneider.es\/wp-content\/uploads\/elementor\/thumbs\/P1010435_8_edited3-qyfyrzg1wu593q6y11opctwlrnn5udj6oj51l90t1c.jpg\" title=\"Markus contrabajista de jazz en M\u00e1laga\" alt=\"Markus contrabajista de jazz en M\u00e1laga\" loading=\"lazy\" \/>\t\t\t\t\t\t\t\t\t\t\t\t\t<\/div>\n\t\t\t\t<\/div>\n\t\t\t\t<\/div>\n\t\t\t\t\t<\/div>\n\t\t\t\t<\/div>\n\t\t\t\t<\/div>\n\t\t","protected":false},"excerpt":{"rendered":"<p>BIIOGRAPHIE Passion pour la contrebasse et la basse \u00e9lectrique. Contact \u00c0 propos de Markus Schneider. Je suis un contrebassiste et un bassiste \u00e9lectrique n\u00e9 \u00e0 Hambourg (Allemagne). Depuis 2004, je vis \u00e0 M\u00e1laga (Espagne). J&rsquo;ai commenc\u00e9 \u00e0 jouer du piano \u00e0 l&rsquo;\u00e2ge de sept ans et \u00e0 l&rsquo;\u00e2ge de dix-huit ans, j&rsquo;ai trouv\u00e9 ma passion [&hellip;]<\/p>\n","protected":false},"author":1,"featured_media":652,"parent":0,"menu_order":0,"comment_status":"closed","ping_status":"closed","template":"elementor_header_footer","meta":{"footnotes":""},"class_list":["post-707","page","type-page","status-publish","has-post-thumbnail","hentry"],"yoast_head":"<!-- This site is optimized with the Yoast SEO plugin v24.0 - https:\/\/yoast.com\/wordpress\/plugins\/seo\/ -->\n<title>\u00c0 propos de Markus Schneider | Contrebasse et basse \u00e9lectrique \u00e0 M\u00e1laga<\/title>\n<meta name=\"description\" content=\"Rencontrez Markus Schneider, contrebassiste et bassiste \u00e9lectrique \u00e0 M\u00e1laga, reconnu pour sa passion, son talent et ses collaborations internationales remarquables.\" \/>\n<meta name=\"robots\" content=\"index, follow, max-snippet:-1, max-image-preview:large, max-video-preview:-1\" \/>\n<link rel=\"canonical\" href=\"https:\/\/markusschneider.es\/fr\/biographie\/\" \/>\n<meta property=\"og:locale\" content=\"fr_FR\" \/>\n<meta property=\"og:type\" content=\"article\" \/>\n<meta property=\"og:title\" content=\"\u00c0 propos de Markus Schneider | Contrebasse et basse \u00e9lectrique \u00e0 M\u00e1laga\" \/>\n<meta property=\"og:description\" content=\"Rencontrez Markus Schneider, contrebassiste et bassiste \u00e9lectrique \u00e0 M\u00e1laga, reconnu pour sa passion, son talent et ses collaborations internationales remarquables.\" \/>\n<meta property=\"og:url\" content=\"https:\/\/markusschneider.es\/fr\/biographie\/\" \/>\n<meta property=\"og:site_name\" content=\"Markus Schneider\" \/>\n<meta property=\"article:modified_time\" content=\"2026-01-19T14:58:16+00:00\" \/>\n<meta property=\"og:image\" content=\"https:\/\/markusschneider.es\/wp-content\/uploads\/2024\/12\/Markus-Schneider.png\" \/>\n\t<meta property=\"og:image:width\" content=\"500\" \/>\n\t<meta property=\"og:image:height\" content=\"500\" \/>\n\t<meta property=\"og:image:type\" content=\"image\/png\" \/>\n<meta name=\"twitter:card\" content=\"summary_large_image\" \/>\n<meta name=\"twitter:label1\" content=\"Dur\u00e9e de lecture estim\u00e9e\" \/>\n\t<meta name=\"twitter:data1\" content=\"2 minutes\" \/>\n<script type=\"application\/ld+json\" class=\"yoast-schema-graph\">{\"@context\":\"https:\/\/schema.org\",\"@graph\":[{\"@type\":\"WebPage\",\"@id\":\"https:\/\/markusschneider.es\/fr\/biographie\/\",\"url\":\"https:\/\/markusschneider.es\/fr\/biographie\/\",\"name\":\"\u00c0 propos de Markus Schneider | Contrebasse et basse \u00e9lectrique \u00e0 M\u00e1laga\",\"isPartOf\":{\"@id\":\"https:\/\/markusschneider.es\/fr\/#website\"},\"primaryImageOfPage\":{\"@id\":\"https:\/\/markusschneider.es\/fr\/biographie\/#primaryimage\"},\"image\":{\"@id\":\"https:\/\/markusschneider.es\/fr\/biographie\/#primaryimage\"},\"thumbnailUrl\":\"https:\/\/markusschneider.es\/wp-content\/uploads\/2024\/12\/Markus-Schneider.png\",\"datePublished\":\"2024-12-04T08:03:19+00:00\",\"dateModified\":\"2026-01-19T14:58:16+00:00\",\"description\":\"Rencontrez Markus Schneider, contrebassiste et bassiste \u00e9lectrique \u00e0 M\u00e1laga, reconnu pour sa passion, son talent et ses collaborations internationales remarquables.\",\"breadcrumb\":{\"@id\":\"https:\/\/markusschneider.es\/fr\/biographie\/#breadcrumb\"},\"inLanguage\":\"fr-FR\",\"potentialAction\":[{\"@type\":\"ReadAction\",\"target\":[\"https:\/\/markusschneider.es\/fr\/biographie\/\"]}]},{\"@type\":\"ImageObject\",\"inLanguage\":\"fr-FR\",\"@id\":\"https:\/\/markusschneider.es\/fr\/biographie\/#primaryimage\",\"url\":\"https:\/\/markusschneider.es\/wp-content\/uploads\/2024\/12\/Markus-Schneider.png\",\"contentUrl\":\"https:\/\/markusschneider.es\/wp-content\/uploads\/2024\/12\/Markus-Schneider.png\",\"width\":500,\"height\":500},{\"@type\":\"BreadcrumbList\",\"@id\":\"https:\/\/markusschneider.es\/fr\/biographie\/#breadcrumb\",\"itemListElement\":[{\"@type\":\"ListItem\",\"position\":1,\"name\":\"Portada\",\"item\":\"https:\/\/markusschneider.es\/fr\/\"},{\"@type\":\"ListItem\",\"position\":2,\"name\":\"Biographie\"}]},{\"@type\":\"WebSite\",\"@id\":\"https:\/\/markusschneider.es\/fr\/#website\",\"url\":\"https:\/\/markusschneider.es\/fr\/\",\"name\":\"Markus Schneider\",\"description\":\"Contrabajista y bajo el\u00e9ctrico en M\u00e1laga\",\"publisher\":{\"@id\":\"https:\/\/markusschneider.es\/fr\/#organization\"},\"potentialAction\":[{\"@type\":\"SearchAction\",\"target\":{\"@type\":\"EntryPoint\",\"urlTemplate\":\"https:\/\/markusschneider.es\/fr\/?s={search_term_string}\"},\"query-input\":{\"@type\":\"PropertyValueSpecification\",\"valueRequired\":true,\"valueName\":\"search_term_string\"}}],\"inLanguage\":\"fr-FR\"},{\"@type\":\"Organization\",\"@id\":\"https:\/\/markusschneider.es\/fr\/#organization\",\"name\":\"Markus Schneider\",\"url\":\"https:\/\/markusschneider.es\/fr\/\",\"logo\":{\"@type\":\"ImageObject\",\"inLanguage\":\"fr-FR\",\"@id\":\"https:\/\/markusschneider.es\/fr\/#\/schema\/logo\/image\/\",\"url\":\"https:\/\/markusschneider.es\/wp-content\/uploads\/2024\/12\/logo-markus-schneider-white.svg\",\"contentUrl\":\"https:\/\/markusschneider.es\/wp-content\/uploads\/2024\/12\/logo-markus-schneider-white.svg\",\"width\":200,\"height\":66,\"caption\":\"Markus Schneider\"},\"image\":{\"@id\":\"https:\/\/markusschneider.es\/fr\/#\/schema\/logo\/image\/\"}}]}<\/script>\n<!-- \/ Yoast SEO plugin. -->","yoast_head_json":{"title":"\u00c0 propos de Markus Schneider | Contrebasse et basse \u00e9lectrique \u00e0 M\u00e1laga","description":"Rencontrez Markus Schneider, contrebassiste et bassiste \u00e9lectrique \u00e0 M\u00e1laga, reconnu pour sa passion, son talent et ses collaborations internationales remarquables.","robots":{"index":"index","follow":"follow","max-snippet":"max-snippet:-1","max-image-preview":"max-image-preview:large","max-video-preview":"max-video-preview:-1"},"canonical":"https:\/\/markusschneider.es\/fr\/biographie\/","og_locale":"fr_FR","og_type":"article","og_title":"\u00c0 propos de Markus Schneider | Contrebasse et basse \u00e9lectrique \u00e0 M\u00e1laga","og_description":"Rencontrez Markus Schneider, contrebassiste et bassiste \u00e9lectrique \u00e0 M\u00e1laga, reconnu pour sa passion, son talent et ses collaborations internationales remarquables.","og_url":"https:\/\/markusschneider.es\/fr\/biographie\/","og_site_name":"Markus Schneider","article_modified_time":"2026-01-19T14:58:16+00:00","og_image":[{"width":500,"height":500,"url":"https:\/\/markusschneider.es\/wp-content\/uploads\/2024\/12\/Markus-Schneider.png","type":"image\/png"}],"twitter_card":"summary_large_image","twitter_misc":{"Dur\u00e9e de lecture estim\u00e9e":"2 minutes"},"schema":{"@context":"https:\/\/schema.org","@graph":[{"@type":"WebPage","@id":"https:\/\/markusschneider.es\/fr\/biographie\/","url":"https:\/\/markusschneider.es\/fr\/biographie\/","name":"\u00c0 propos de Markus Schneider | Contrebasse et basse \u00e9lectrique \u00e0 M\u00e1laga","isPartOf":{"@id":"https:\/\/markusschneider.es\/fr\/#website"},"primaryImageOfPage":{"@id":"https:\/\/markusschneider.es\/fr\/biographie\/#primaryimage"},"image":{"@id":"https:\/\/markusschneider.es\/fr\/biographie\/#primaryimage"},"thumbnailUrl":"https:\/\/markusschneider.es\/wp-content\/uploads\/2024\/12\/Markus-Schneider.png","datePublished":"2024-12-04T08:03:19+00:00","dateModified":"2026-01-19T14:58:16+00:00","description":"Rencontrez Markus Schneider, contrebassiste et bassiste \u00e9lectrique \u00e0 M\u00e1laga, reconnu pour sa passion, son talent et ses collaborations internationales remarquables.","breadcrumb":{"@id":"https:\/\/markusschneider.es\/fr\/biographie\/#breadcrumb"},"inLanguage":"fr-FR","potentialAction":[{"@type":"ReadAction","target":["https:\/\/markusschneider.es\/fr\/biographie\/"]}]},{"@type":"ImageObject","inLanguage":"fr-FR","@id":"https:\/\/markusschneider.es\/fr\/biographie\/#primaryimage","url":"https:\/\/markusschneider.es\/wp-content\/uploads\/2024\/12\/Markus-Schneider.png","contentUrl":"https:\/\/markusschneider.es\/wp-content\/uploads\/2024\/12\/Markus-Schneider.png","width":500,"height":500},{"@type":"BreadcrumbList","@id":"https:\/\/markusschneider.es\/fr\/biographie\/#breadcrumb","itemListElement":[{"@type":"ListItem","position":1,"name":"Portada","item":"https:\/\/markusschneider.es\/fr\/"},{"@type":"ListItem","position":2,"name":"Biographie"}]},{"@type":"WebSite","@id":"https:\/\/markusschneider.es\/fr\/#website","url":"https:\/\/markusschneider.es\/fr\/","name":"Markus Schneider","description":"Contrabajista y bajo el\u00e9ctrico en M\u00e1laga","publisher":{"@id":"https:\/\/markusschneider.es\/fr\/#organization"},"potentialAction":[{"@type":"SearchAction","target":{"@type":"EntryPoint","urlTemplate":"https:\/\/markusschneider.es\/fr\/?s={search_term_string}"},"query-input":{"@type":"PropertyValueSpecification","valueRequired":true,"valueName":"search_term_string"}}],"inLanguage":"fr-FR"},{"@type":"Organization","@id":"https:\/\/markusschneider.es\/fr\/#organization","name":"Markus Schneider","url":"https:\/\/markusschneider.es\/fr\/","logo":{"@type":"ImageObject","inLanguage":"fr-FR","@id":"https:\/\/markusschneider.es\/fr\/#\/schema\/logo\/image\/","url":"https:\/\/markusschneider.es\/wp-content\/uploads\/2024\/12\/logo-markus-schneider-white.svg","contentUrl":"https:\/\/markusschneider.es\/wp-content\/uploads\/2024\/12\/logo-markus-schneider-white.svg","width":200,"height":66,"caption":"Markus Schneider"},"image":{"@id":"https:\/\/markusschneider.es\/fr\/#\/schema\/logo\/image\/"}}]}},"_links":{"self":[{"href":"https:\/\/markusschneider.es\/fr\/wp-json\/wp\/v2\/pages\/707","targetHints":{"allow":["GET"]}}],"collection":[{"href":"https:\/\/markusschneider.es\/fr\/wp-json\/wp\/v2\/pages"}],"about":[{"href":"https:\/\/markusschneider.es\/fr\/wp-json\/wp\/v2\/types\/page"}],"author":[{"embeddable":true,"href":"https:\/\/markusschneider.es\/fr\/wp-json\/wp\/v2\/users\/1"}],"replies":[{"embeddable":true,"href":"https:\/\/markusschneider.es\/fr\/wp-json\/wp\/v2\/comments?post=707"}],"version-history":[{"count":4,"href":"https:\/\/markusschneider.es\/fr\/wp-json\/wp\/v2\/pages\/707\/revisions"}],"predecessor-version":[{"id":821,"href":"https:\/\/markusschneider.es\/fr\/wp-json\/wp\/v2\/pages\/707\/revisions\/821"}],"wp:featuredmedia":[{"embeddable":true,"href":"https:\/\/markusschneider.es\/fr\/wp-json\/wp\/v2\/media\/652"}],"wp:attachment":[{"href":"https:\/\/markusschneider.es\/fr\/wp-json\/wp\/v2\/media?parent=707"}],"curies":[{"name":"wp","href":"https:\/\/api.w.org\/{rel}","templated":true}]}}